{"id":159,"date":"2018-02-23T15:30:12","date_gmt":"2018-02-23T15:30:12","guid":{"rendered":"http:\/\/wordpresstest.rfv-koenen.com\/?page_id=159"},"modified":"2019-11-28T11:30:37","modified_gmt":"2019-11-28T11:30:37","slug":"2016-2","status":"publish","type":"page","link":"https:\/\/rfv-koenen.de\/?page_id=159","title":{"rendered":"2016"},"content":{"rendered":"<h2 lang=\"zxx\">Archiv 2016<\/h2>\n<h2 lang=\"zxx\" align=\"center\"><span style=\"font-size: large;\"><b>Der neue Vorstand des Reit- und Fahrvereines &#8222;St.Georg&#8220; K\u00f6nen e. V. stellt sich vor . . .<\/b><\/span><\/h2>\n<p lang=\"zxx\" align=\"left\">Am Freitag, den 24.06.2016, fand die Jahreshauptversammlung des Reit- und Fahrvereines &#8222;St. Georg&#8220; K\u00f6nen e.V. im Reiterst\u00fcbchen der Vereinsanlage statt. Die anwesenden Mitglieder haben einen neuen Vorstand gew\u00e4hlt, der sich aus langj\u00e4hrigen Getreuen und aus Neueinsteigern zusammensetzt. Vertreter sind: Walter Schneider (1. Vorsitzender), Katrin Kellendonk (Gesch\u00e4ftsf\u00fchrerin), Annette Ryll (Kassenwart), Hans-Erwin M\u00fcller (Sportwart), Verena Zengerle (Schriftwart), Viviane Loedts (Jugendwart), Anne-Catherine Wiltz (Vertreterin der Freizeitreiter), Michelle Faber (Vertreterin der Turnierreiter), Martin D\u00fchr (Zeugwart) und Andrea Stoffel (Pressewart).<\/p>\n<p lang=\"zxx\" align=\"left\"><img loading=\"lazy\" decoding=\"async\" class=\"alignnone size-medium wp-image-160\" src=\"http:\/\/wordpresstest.rfv-koenen.com\/wp-content\/uploads\/2018\/02\/DSC03143-300x225.jpg\" alt=\"\" width=\"300\" height=\"225\" srcset=\"https:\/\/rfv-koenen.de\/wp-content\/uploads\/2018\/02\/DSC03143-300x225.jpg 300w, https:\/\/rfv-koenen.de\/wp-content\/uploads\/2018\/02\/DSC03143-768x576.jpg 768w, https:\/\/rfv-koenen.de\/wp-content\/uploads\/2018\/02\/DSC03143-1024x768.jpg 1024w\" sizes=\"auto, (max-width: 300px) 100vw, 300px\" \/><\/p>\n<p lang=\"zxx\" align=\"left\">Abschlie\u00dfend wurde auf der Versammlung des Vereines &#8211; der erfreulicherweise auf 162 Mitglieder gewachsen ist &#8211; eine Vorschau f\u00fcr die n\u00e4chsten Monate entworfen: Es soll u.a. am Wochenende des 3. und 4. Septembers 2016 ein Reitturnier in K\u00f6nen ausgetragen werden. Die Freizeitreiter k\u00f6nnen sich auf den traditionellen Herbstritt freuen und die Vereinsmitglieder werden zu dem ein oder anderen geselligen Beisammensein eingeladen werden.<\/p>\n<h1 lang=\"zxx\" align=\"center\"><b>47. Reitturnier des Reit- und Fahrvereins &#8222;St. Georg&#8220; Konz-K\u00f6nen e.V.<\/b><\/h1>\n<p lang=\"zxx\" align=\"left\">Am Wochenende des 03. und 04. September hat das 47. Reitturnier des Reit- und Fahrvereins &#8222;St. Georg&#8220; auf der Vereinsanlage in Konz-K\u00f6nen stattgefunden. Der gastgebende Reitverein hat breitensportliche Reiterwettbewerbe und auchTurnierpr\u00fcfungen durchgef\u00fchrt. Am Samstag konnten sich zun\u00e4chst die Dressurreiter bei bestem Wetter behaupten. Hierbei konnte sich Lynn Zenner auf Diorissimo \u00fcber den Sieg der A**Dressur freuen. Katharina Candels auf Wolke Sieben gewann die A*Dressur, Katharina K\u00f6lling auf Life Dancer ebenfalls eine A*Dressur. Emma Gr\u00fcnen auf<\/p>\n<p lang=\"zxx\" align=\"left\">L\u00b4Avatar gewann einen Reiterwettbewerb, ebenso wie Marleen Knopp auf Sternchen, Justus Weber auf Black Tiger, Lea R\u00fcckner auf Knupp und Meike R\u00fcckner auf Eika. Die Dressur Wettbewerbe (E) gewannen Mara von R\u00f6tel auf Naomi, Elena Koster auf Lord of Liberty, Johannes Schiffels auf Sancre d\u00b4Orchard und Lisa-Marie Kryjom auf Barrichello.<\/p>\n<p lang=\"zxx\" align=\"left\">Am Sonntag kamen die Parcour- und Springreiter an den Start und haben trotz der zus\u00e4tzlichen Herausforderung, die ihnen das regnerischeWetter bot, spanndende und anspruchsvolle Leistungen gezeigt. Hierbei konnte Anne Peifer auf Thyphoon in einem spannenden Stechen den Sieg der Stilspringpr\u00fcfung A* erringen. Das Jump and Run gewannen Esther Knopp als Reiterin auf Calino zusammen mit der L\u00e4uferin Alba Trunk. Den Sieg im Stilspringen A* holten sich Alessandro van der Sanden mit Lollipop und Martina Besseler auf Carlotta mit nach Hause. Den Stilspring Wettbewerb gewannen Nele Weber auf Black Tiger und Svenja Rolinger auf Gaston. Den Aktionsparcour gewannen Alina Beck auf Rania und Melina Terrnes auf Larrino.<\/p>\n<p lang=\"zxx\" align=\"left\">Es war ein unterhaltsames Fest f\u00fcr die Zuschauer und die Veranstaltung hat ihren Teilnehmern spannende Herausforderungen geboten. Wir gratulieren den diesj\u00e4hrigen Siegern ganz herzlich.<\/p>\n<p lang=\"zxx\" align=\"left\"><img loading=\"lazy\" decoding=\"async\" class=\"alignnone size-medium wp-image-161\" src=\"http:\/\/wordpresstest.rfv-koenen.com\/wp-content\/uploads\/2018\/02\/Justus-Weber_Black-Tiger-300x200.jpg\" alt=\"\" width=\"300\" height=\"200\" srcset=\"https:\/\/rfv-koenen.de\/wp-content\/uploads\/2018\/02\/Justus-Weber_Black-Tiger-300x200.jpg 300w, https:\/\/rfv-koenen.de\/wp-content\/uploads\/2018\/02\/Justus-Weber_Black-Tiger-768x512.jpg 768w, https:\/\/rfv-koenen.de\/wp-content\/uploads\/2018\/02\/Justus-Weber_Black-Tiger-1024x683.jpg 1024w\" sizes=\"auto, (max-width: 300px) 100vw, 300px\" \/><img loading=\"lazy\" decoding=\"async\" class=\"alignnone size-medium wp-image-162\" src=\"http:\/\/wordpresstest.rfv-koenen.com\/wp-content\/uploads\/2018\/02\/Leonie-Fuchs_Rania-200x300.jpg\" alt=\"\" width=\"200\" height=\"300\" srcset=\"https:\/\/rfv-koenen.de\/wp-content\/uploads\/2018\/02\/Leonie-Fuchs_Rania-200x300.jpg 200w, https:\/\/rfv-koenen.de\/wp-content\/uploads\/2018\/02\/Leonie-Fuchs_Rania-768x1152.jpg 768w, https:\/\/rfv-koenen.de\/wp-content\/uploads\/2018\/02\/Leonie-Fuchs_Rania-683x1024.jpg 683w\" sizes=\"auto, (max-width: 200px) 100vw, 200px\" \/><\/p>\n<h2 lang=\"zxx\" align=\"center\"><span style=\"font-size: large;\"><b>\u00dcber Stock und Stein: 24 Reiterinnen und Reiter haben am traditionellen Herbstritt in Konz-K\u00f6nen teilgenommen<\/b><\/span><\/h2>\n<p lang=\"zxx\" align=\"justify\"><span style=\"font-size: medium;\">Am Sonntag, den 3. Oktober, haben sich 24 Reiterinnen und Reiter mit ihren Pferden und Ponys auf dem gro\u00dfen Springplatz der Vereinsanlage &#8222;St. Georg&#8220; K\u00f6nen e.V. versammelt, um den traditionellen Herbstritt anzutreten. Die Strecke f\u00fchrte \u00fcber das Wasserliescher Kapellchen und lud an idyllischen Lichtungen zu ausgiebigen Rasten ein. Der Ritt hat sowohl den fortgeschrittenen Reiterinnen und Reitern in schnellen Gallop-Etappen Freude bereitet, als auch den J\u00fcngsten in ausgiebigen Schrittstrecken eine tolle Erfahrung geboten. Der Tag endete bei einem gem\u00fctlichen Essen und Umtrunk im Reiterst\u00fcbchen.<\/span><\/p>\n<p lang=\"zxx\" align=\"justify\"><img loading=\"lazy\" decoding=\"async\" class=\"alignnone size-medium wp-image-165\" src=\"http:\/\/wordpresstest.rfv-koenen.com\/wp-content\/uploads\/2018\/02\/BildfPresse2-300x225.jpg\" alt=\"\" width=\"300\" height=\"225\" srcset=\"https:\/\/rfv-koenen.de\/wp-content\/uploads\/2018\/02\/BildfPresse2-300x225.jpg 300w, https:\/\/rfv-koenen.de\/wp-content\/uploads\/2018\/02\/BildfPresse2-768x576.jpg 768w, https:\/\/rfv-koenen.de\/wp-content\/uploads\/2018\/02\/BildfPresse2-1024x768.jpg 1024w, https:\/\/rfv-koenen.de\/wp-content\/uploads\/2018\/02\/BildfPresse2.jpg 1920w\" sizes=\"auto, (max-width: 300px) 100vw, 300px\" \/><\/p>\n<p lang=\"zxx\" align=\"justify\">\n","protected":false},"excerpt":{"rendered":"<p>Archiv 2016 Der neue Vorstand des Reit- und Fahrvereines &#8222;St.Georg&#8220; K\u00f6nen e. V. stellt sich vor . . . Am Freitag, den 24.06.2016, fand die Jahreshauptversammlung des Reit- und Fahrvereines &#8222;St. Georg&#8220; K\u00f6nen e.V. im Reiterst\u00fcbchen der Vereinsanlage statt. Die anwesenden Mitglieder haben einen neuen Vorstand gew\u00e4hlt, der sich aus langj\u00e4hrigen Getreuen und aus Neueinsteigern &hellip; <\/p>\n<p class=\"link-more\"><a href=\"https:\/\/rfv-koenen.de\/?page_id=159\" class=\"more-link\"><span class=\"screen-reader-text\">\u201e2016\u201c <\/span>weiterlesen<\/a><\/p>\n","protected":false},"author":1,"featured_media":0,"parent":0,"menu_order":0,"comment_status":"closed","ping_status":"closed","template":"","meta":{"footnotes":""},"class_list":["post-159","page","type-page","status-publish","hentry"],"_links":{"self":[{"href":"https:\/\/rfv-koenen.de\/index.php?rest_route=\/wp\/v2\/pages\/159","targetHints":{"allow":["GET"]}}],"collection":[{"href":"https:\/\/rfv-koenen.de\/index.php?rest_route=\/wp\/v2\/pages"}],"about":[{"href":"https:\/\/rfv-koenen.de\/index.php?rest_route=\/wp\/v2\/types\/page"}],"author":[{"embeddable":true,"href":"https:\/\/rfv-koenen.de\/index.php?rest_route=\/wp\/v2\/users\/1"}],"replies":[{"embeddable":true,"href":"https:\/\/rfv-koenen.de\/index.php?rest_route=%2Fwp%2Fv2%2Fcomments&post=159"}],"version-history":[{"count":6,"href":"https:\/\/rfv-koenen.de\/index.php?rest_route=\/wp\/v2\/pages\/159\/revisions"}],"predecessor-version":[{"id":475,"href":"https:\/\/rfv-koenen.de\/index.php?rest_route=\/wp\/v2\/pages\/159\/revisions\/475"}],"wp:attachment":[{"href":"https:\/\/rfv-koenen.de\/index.php?rest_route=%2Fwp%2Fv2%2Fmedia&parent=159"}],"curies":[{"name":"wp","href":"https:\/\/api.w.org\/{rel}","templated":true}]}}