{"id":169,"date":"2018-02-23T15:35:30","date_gmt":"2018-02-23T15:35:30","guid":{"rendered":"http:\/\/wordpresstest.rfv-koenen.com\/?page_id=169"},"modified":"2019-11-28T11:31:03","modified_gmt":"2019-11-28T11:31:03","slug":"2015-2","status":"publish","type":"page","link":"https:\/\/rfv-koenen.de\/?page_id=169","title":{"rendered":"2015"},"content":{"rendered":"<h2>Archiv 2015<\/h2>\n<h1 class=\"western\" align=\"center\"><span style=\"font-size: large;\"><b>Nachwuchsreiter des Reitvereins St. Georg in K\u00f6nen erhielten Reitabzeichen<\/b><\/span><\/h1>\n<p class=\"western\" align=\"left\">30 junge Reiterinnen und Reiter des Reitvereines St. Georg in Konz K\u00f6nen haben am Wochenende ihr K\u00f6nnen unter Beweis gestellt.<\/p>\n<p class=\"western\">Nachdem sie von ihren Trainern Katrin Kellendonk und Timo Krapp gr\u00fcndlich darauf vorbereitet wurden, absolvierten sie theoretische und praktische Pr\u00fcfungen unter den wachsamen Augen von zwei Richterinnen. Mit den Schulpferden des Vereines zeigten die Nachwuchsreiter, dass sie alle Grundgangarten solide beherrschen. In einem Parcours mussten sie im Slalom reiten und Aufgaben wie das Reiten enger Wendungen bew\u00e4ltigen. F\u00fcr die fortgeschritteneren Jungen und M\u00e4dchen standen sogar Spr\u00fcnge auf dem Programm.<\/p>\n<p class=\"western\">Nach dem praktischen Pr\u00fcfungsteil stellten alle Teilnehmer in einer theoretischen Pr\u00fcfung ihr Wissen \u00fcber Themen wie z.B. korrektes Z\u00e4umen oder \u00fcber den richtigen Umgang mit Pferden unter Beweis.<\/p>\n<p class=\"western\">Die anf\u00e4ngliche Aufregung und die M\u00fchen der Vorbereitungen machten sich am Ende bezahlt, denn alle Reiterinnen und Reiter erhielten ihr Reitabzeichen (RA 6, 7, 8, 9 oder 10) und eine Urkunde.<\/p>\n<p><img loading=\"lazy\" decoding=\"async\" class=\"alignnone size-medium wp-image-93\" src=\"http:\/\/wordpresstest.rfv-koenen.com\/wp-content\/uploads\/2018\/02\/Abzeichen2015_2-300x162.jpg\" alt=\"\" width=\"300\" height=\"162\" srcset=\"https:\/\/rfv-koenen.de\/wp-content\/uploads\/2018\/02\/Abzeichen2015_2-300x162.jpg 300w, https:\/\/rfv-koenen.de\/wp-content\/uploads\/2018\/02\/Abzeichen2015_2-768x415.jpg 768w, https:\/\/rfv-koenen.de\/wp-content\/uploads\/2018\/02\/Abzeichen2015_2-1024x553.jpg 1024w, https:\/\/rfv-koenen.de\/wp-content\/uploads\/2018\/02\/Abzeichen2015_2.jpg 1920w\" sizes=\"auto, (max-width: 300px) 100vw, 300px\" \/><\/p>\n<h1 style=\"text-align: center;\"><b>46. Reitturnier des Reit- und Fahrvereines St. Georg in Konz-K\u00f6nen<\/b><\/h1>\n<p align=\"left\">Am Wochenende des 12. und 13. September haben sich Reitsport- und Pferdefreunde aus der Region in K\u00f6nen zusammengefunden. Zum ersten Mal hat der gastgebende Reitverein alternative Reiterwettbewerbe und Turnierpr\u00fcfungen in einer Veranstaltung miteinander vereint. Dadurch kamen zahlreiche Wettbewerbs- bzw. Pr\u00fcfungsarten zusammen und es war sowohl f\u00fcr die j\u00fcngsten Nachwuchsreiter als auch f\u00fcr fortgeschrittene Turnierreiter interessant. Vom lustigen Jump and Run (bei dem Reiter zusammen mit L\u00e4ufern in Gruppen gegeneinander antreten) \u00fcber elegante Dressur bis hin zu einer spannenden Springpr\u00fcfung mit Stechen fanden die Herausforderungen gleicherma\u00dfen Gefallen bei Teilnehmern und Zuschauern. Mit der Kombination von Spa\u00df am Reiten und anspruchsvoller Reitkunst hat die Veranstaltung den Nerv der Zeit voll getroffen und war ein unterhaltsames und famili\u00e4res Fest.<\/p>\n<p align=\"left\">Der Reit-und Fahrverein St. Georg hofft alle Teilnehmer und Besucher auch im n\u00e4chsten Jahr wieder auf der K\u00f6nener Reitanlage begr\u00fc\u00dfen zu d\u00fcrfen (dann wird der Verein 50 Jahre alt) und gratuliert den diesj\u00e4hrigen Siegern ganz herzlich:<\/p>\n<p align=\"left\">Longenreiter-WB: Lena Rohles, Reiter-WB: Amelie Bechtel, Lea Elsen, Marleen Knopp, Sarah Sch\u00e4fer und Julia Scheckenbach, Dressurreiter-WB: Amelie Bechtel, Aktionsparcours: Viviane Loedts, Springreiter-WB: Lisa-Marie Kryjom, Jump and Run: Luca Elsen (L\u00e4ufer) und Lea Elsen (Reiterin), Dressur-WB: Celina Kimmlingen, Dressurpr\u00fcfung Klasse A*: Ina Morbach, Dressurpr\u00fcfung Klasse A**: Jenni Brandenburger, Stilspring-WB: Viktoria H\u00f6rnchen, Stilspringpr\u00fcfung-Klasse A*: Janine Pauli, Stilspringpr\u00fcfung Klasse A* mit Stechen: Annalena Kramp<\/p>\n<p align=\"left\"><img loading=\"lazy\" decoding=\"async\" class=\"alignnone size-medium wp-image-173\" src=\"http:\/\/wordpresstest.rfv-koenen.com\/wp-content\/uploads\/2018\/02\/Annalena-Kramp-300x225.jpg\" alt=\"\" width=\"300\" height=\"225\" srcset=\"https:\/\/rfv-koenen.de\/wp-content\/uploads\/2018\/02\/Annalena-Kramp-300x225.jpg 300w, https:\/\/rfv-koenen.de\/wp-content\/uploads\/2018\/02\/Annalena-Kramp-768x576.jpg 768w, https:\/\/rfv-koenen.de\/wp-content\/uploads\/2018\/02\/Annalena-Kramp-1024x768.jpg 1024w\" sizes=\"auto, (max-width: 300px) 100vw, 300px\" \/><img loading=\"lazy\" decoding=\"async\" class=\"alignnone size-medium wp-image-174\" src=\"http:\/\/wordpresstest.rfv-koenen.com\/wp-content\/uploads\/2018\/02\/KurierTurnier2015-300x211.jpg\" alt=\"\" width=\"300\" height=\"211\" srcset=\"https:\/\/rfv-koenen.de\/wp-content\/uploads\/2018\/02\/KurierTurnier2015-300x211.jpg 300w, https:\/\/rfv-koenen.de\/wp-content\/uploads\/2018\/02\/KurierTurnier2015-768x540.jpg 768w, https:\/\/rfv-koenen.de\/wp-content\/uploads\/2018\/02\/KurierTurnier2015-1024x720.jpg 1024w\" sizes=\"auto, (max-width: 300px) 100vw, 300px\" \/><\/p>\n<h2 style=\"text-align: center;\" align=\"left\"><strong>Weihnachtsfeier des Reit- und Fahrvereines St. Georg in Konz-K\u00f6nen<\/strong><\/h2>\n<p>Der Reit- und Fahrverein St. Georg aus Konz-K\u00f6nen lud alle Vereinsmitglieder, Eltern, Gro\u00dfeltern und Reitsportinteressenten zu seiner Weihnachtsfeier am Sonntag, den 13.12.2015 ein. Die Feier fand auf der Vereinsanlage statt. Die G\u00e4ste konnten spannende Reitvorf\u00fchrungen miterleben und sich bei Gl\u00fchwein und anderen K\u00f6stlichkeiten auf ein gem\u00fctliches Beisammensein freuen. Au\u00dferdem gab es tolle Gewinne bei der traditionellen Tombola und die kleinen G\u00e4ste durften nach dem Besuch des Nikolauses auf Ponys reiten.<\/p>\n<p><img loading=\"lazy\" decoding=\"async\" class=\"alignnone size-medium wp-image-175\" src=\"http:\/\/wordpresstest.rfv-koenen.com\/wp-content\/uploads\/2018\/02\/JonnyWeihnachtsm\u00fctze-e1519400614626-225x300.jpg\" alt=\"\" width=\"225\" height=\"300\" srcset=\"https:\/\/rfv-koenen.de\/wp-content\/uploads\/2018\/02\/JonnyWeihnachtsm\u00fctze-e1519400614626-225x300.jpg 225w, https:\/\/rfv-koenen.de\/wp-content\/uploads\/2018\/02\/JonnyWeihnachtsm\u00fctze-e1519400614626-768x1024.jpg 768w\" sizes=\"auto, (max-width: 225px) 100vw, 225px\" \/><\/p>\n<p>&nbsp;<\/p>\n","protected":false},"excerpt":{"rendered":"<p>Archiv 2015 Nachwuchsreiter des Reitvereins St. Georg in K\u00f6nen erhielten Reitabzeichen 30 junge Reiterinnen und Reiter des Reitvereines St. Georg in Konz K\u00f6nen haben am Wochenende ihr K\u00f6nnen unter Beweis gestellt. Nachdem sie von ihren Trainern Katrin Kellendonk und Timo Krapp gr\u00fcndlich darauf vorbereitet wurden, absolvierten sie theoretische und praktische Pr\u00fcfungen unter den wachsamen Augen &hellip; <\/p>\n<p class=\"link-more\"><a href=\"https:\/\/rfv-koenen.de\/?page_id=169\" class=\"more-link\"><span class=\"screen-reader-text\">\u201e2015\u201c <\/span>weiterlesen<\/a><\/p>\n","protected":false},"author":1,"featured_media":0,"parent":0,"menu_order":0,"comment_status":"closed","ping_status":"closed","template":"","meta":{"footnotes":""},"class_list":["post-169","page","type-page","status-publish","hentry"],"_links":{"self":[{"href":"https:\/\/rfv-koenen.de\/index.php?rest_route=\/wp\/v2\/pages\/169","targetHints":{"allow":["GET"]}}],"collection":[{"href":"https:\/\/rfv-koenen.de\/index.php?rest_route=\/wp\/v2\/pages"}],"about":[{"href":"https:\/\/rfv-koenen.de\/index.php?rest_route=\/wp\/v2\/types\/page"}],"author":[{"embeddable":true,"href":"https:\/\/rfv-koenen.de\/index.php?rest_route=\/wp\/v2\/users\/1"}],"replies":[{"embeddable":true,"href":"https:\/\/rfv-koenen.de\/index.php?rest_route=%2Fwp%2Fv2%2Fcomments&post=169"}],"version-history":[{"count":7,"href":"https:\/\/rfv-koenen.de\/index.php?rest_route=\/wp\/v2\/pages\/169\/revisions"}],"predecessor-version":[{"id":476,"href":"https:\/\/rfv-koenen.de\/index.php?rest_route=\/wp\/v2\/pages\/169\/revisions\/476"}],"wp:attachment":[{"href":"https:\/\/rfv-koenen.de\/index.php?rest_route=%2Fwp%2Fv2%2Fmedia&parent=169"}],"curies":[{"name":"wp","href":"https:\/\/api.w.org\/{rel}","templated":true}]}}