{"id":450,"date":"2019-11-28T11:07:56","date_gmt":"2019-11-28T11:07:56","guid":{"rendered":"http:\/\/rfv-koenen.de\/?page_id=450"},"modified":"2026-04-16T17:02:52","modified_gmt":"2026-04-16T15:02:52","slug":"unsere-trainer","status":"publish","type":"page","link":"https:\/\/rfv-koenen.de\/?page_id=450","title":{"rendered":"Unsere Trainer"},"content":{"rendered":"<h2><strong>Unsere Trainer<\/strong><\/h2>\n<p><strong>Kim Stege<\/strong><\/p>\n<ul>\n<li>Handy: 0177 4138899 (bitte nur Textnachrichten, keine Anrufe)<span class=\"style_1\"><br \/>\n<\/span><\/li>\n<li>email: info@rfv-koenen.de<\/li>\n<\/ul>\n<p><strong>Katrin Kellendonk<\/strong><\/p>\n<ul>\n<li style=\"font-weight: 400;\">Trainer C Ausbildung mit den Erg\u00e4nzungsqualifikationen &#8222;Kinderreitunterricht&#8220; und &#8222;Sitz- und Gleichgewichtsschulung&#8220;<\/li>\n<li style=\"font-weight: 400;\">Trainer f\u00fcr Equikinetic und Dualaktivierung<\/li>\n<li style=\"font-weight: 400;\">Tierheilpraktikerin, Tierphysiotherapeutin<\/li>\n<li style=\"font-weight: 400;\">Tierchiropraktikerin f\u00fcr Hund, Katze und Pferd<\/li>\n<li style=\"font-weight: 400;\">Handy: 0175 6046681<\/li>\n<li style=\"font-weight: 400;\">email: katrin.kellendonk@t-online.de<\/li>\n<\/ul>\n<p class=\"paragraph_style_4\"><strong>Timo Krapp<\/strong><\/p>\n<ul>\n<li>Pferdewirtschaftsmeister<\/li>\n<li class=\"paragraph_style_4\">Bereiter FN<\/li>\n<li class=\"paragraph_style_4\">Tel-Nr.: 016091791376<\/li>\n<\/ul>\n<p><strong>Viviane Loedts<\/strong><\/p>\n<ul>\n<li>Trainer C Reiten, Ausbildung mit Schwerpunkt &#8222;Kinderreitunterricht&#8220;<\/li>\n<li>staatlich anerkannte Heilerziehungspflegerin<\/li>\n<li>Bachelor in Sozial- und Erziehungswissenschaften<\/li>\n<\/ul>\n<p><strong>Tanja Schneider (f\u00fcr private Einsteller)<\/strong><\/p>\n<ul>\n<li>\u00a0Physio Riding Coach<\/li>\n<li>\u00a0Ausbildung<\/li>\n<li>Unterricht<\/li>\n<li>Beritt<\/li>\n<li>\u00a0Lehrg\u00e4nge<\/li>\n<li>Bereiterin FN<\/li>\n<li>Homepage: www.tanja-schneider.de<\/li>\n<\/ul>\n","protected":false},"excerpt":{"rendered":"<p>Unsere Trainer Kim Stege Handy: 0177 4138899 (bitte nur Textnachrichten, keine Anrufe) email: info@rfv-koenen.de Katrin Kellendonk Trainer C Ausbildung mit den Erg\u00e4nzungsqualifikationen &#8222;Kinderreitunterricht&#8220; und &#8222;Sitz- und Gleichgewichtsschulung&#8220; Trainer f\u00fcr Equikinetic und Dualaktivierung Tierheilpraktikerin, Tierphysiotherapeutin Tierchiropraktikerin f\u00fcr Hund, Katze und Pferd Handy: 0175 6046681 email: katrin.kellendonk@t-online.de Timo Krapp Pferdewirtschaftsmeister Bereiter FN Tel-Nr.: 016091791376 Viviane Loedts Trainer &hellip; <\/p>\n<p class=\"link-more\"><a href=\"https:\/\/rfv-koenen.de\/?page_id=450\" class=\"more-link\"><span class=\"screen-reader-text\">\u201eUnsere Trainer\u201c <\/span>weiterlesen<\/a><\/p>\n","protected":false},"author":1,"featured_media":0,"parent":0,"menu_order":0,"comment_status":"closed","ping_status":"closed","template":"","meta":{"footnotes":""},"class_list":["post-450","page","type-page","status-publish","hentry"],"_links":{"self":[{"href":"https:\/\/rfv-koenen.de\/index.php?rest_route=\/wp\/v2\/pages\/450","targetHints":{"allow":["GET"]}}],"collection":[{"href":"https:\/\/rfv-koenen.de\/index.php?rest_route=\/wp\/v2\/pages"}],"about":[{"href":"https:\/\/rfv-koenen.de\/index.php?rest_route=\/wp\/v2\/types\/page"}],"author":[{"embeddable":true,"href":"https:\/\/rfv-koenen.de\/index.php?rest_route=\/wp\/v2\/users\/1"}],"replies":[{"embeddable":true,"href":"https:\/\/rfv-koenen.de\/index.php?rest_route=%2Fwp%2Fv2%2Fcomments&post=450"}],"version-history":[{"count":15,"href":"https:\/\/rfv-koenen.de\/index.php?rest_route=\/wp\/v2\/pages\/450\/revisions"}],"predecessor-version":[{"id":1626,"href":"https:\/\/rfv-koenen.de\/index.php?rest_route=\/wp\/v2\/pages\/450\/revisions\/1626"}],"wp:attachment":[{"href":"https:\/\/rfv-koenen.de\/index.php?rest_route=%2Fwp%2Fv2%2Fmedia&parent=450"}],"curies":[{"name":"wp","href":"https:\/\/api.w.org\/{rel}","templated":true}]}}