{"id":453,"date":"2019-11-28T11:09:12","date_gmt":"2019-11-28T11:09:12","guid":{"rendered":"http:\/\/rfv-koenen.de\/?page_id=453"},"modified":"2024-08-29T16:18:30","modified_gmt":"2024-08-29T16:18:30","slug":"schulpferde","status":"publish","type":"page","link":"https:\/\/rfv-koenen.de\/?page_id=453","title":{"rendered":"Schulpferde"},"content":{"rendered":"\n\n<h2><strong>Unsere Schulpferde<\/strong><\/h2>\n<div id=\"id4\" class=\"style_SkipStroke_2 shape-with-text\">\n<div class=\"text-content graphic_textbox_layout_style_default_External_484_737\">\n<div class=\"graphic_textbox_layout_style_default\">\n<p class=\"paragraph_style_1\">Derzeit stehen uns 6 Pferde\/Ponys f\u00fcr den Schulbetrieb zur Verf\u00fcgung. Jedes zeigt dabei seinen einzigartigen Charakter, der je nach Ausbildungsstand des Reiters auch den unterschiedlichen Anspr\u00fcchen gerecht wird. Die Schulpferde sind gr\u00f6\u00dftenteils in Vereinsbesitz oder werden f\u00fcr die Unterrichtszeiten angepachtet.<\/p>\n<p class=\"paragraph_style_1\">Jedes Pferd hat in seiner \u201eFreizeit\u201c au\u00dferhalb des Schulbetriebs seine feste Bezugsperson (Besitzer oder Halbpacht), welche die Betreuung \u00fcbernimmt und f\u00fcr Ausgleich sorgt.<\/p>\n<p class=\"paragraph_style_1\">Die Schulpferde genie\u00dfen auch regelm\u00e4\u00dfig Koppelgang auf unserer Reitanlage.<\/p>\n<p class=\"paragraph_style_1\">Selbstverst\u00e4ndlich werden unsere Pferde regelm\u00e4\u00dfig dem Hufschmied und bei Bedarf dem Tierarzt vorgestellt.<\/p>\n<\/div>\n<div class=\"graphic_textbox_layout_style_default\">\n<p><strong>Eddy<\/strong><\/p>\n<p><img loading=\"lazy\" decoding=\"async\" class=\"size-medium wp-image-811 alignleft\" src=\"https:\/\/rfv-koenen.de\/wp-content\/uploads\/2022\/02\/Eddy-300x200.jpg\" alt=\"\" width=\"300\" height=\"200\" srcset=\"https:\/\/rfv-koenen.de\/wp-content\/uploads\/2022\/02\/Eddy-300x200.jpg 300w, https:\/\/rfv-koenen.de\/wp-content\/uploads\/2022\/02\/Eddy-1024x683.jpg 1024w, https:\/\/rfv-koenen.de\/wp-content\/uploads\/2022\/02\/Eddy-768x512.jpg 768w, https:\/\/rfv-koenen.de\/wp-content\/uploads\/2022\/02\/Eddy-1536x1024.jpg 1536w, https:\/\/rfv-koenen.de\/wp-content\/uploads\/2022\/02\/Eddy-2048x1365.jpg 2048w\" sizes=\"auto, (max-width: 300px) 100vw, 300px\" \/><\/p>\n<\/div>\n<div class=\"graphic_textbox_layout_style_default\">\n<p>\u00a0<\/p>\n<p>\u00a0<\/p>\n<p>\u00a0<\/p>\n<p>\u00a0<\/p>\n<p>\u00a0<\/p>\n<p><strong>Galileo<\/strong><\/p>\n<p><img loading=\"lazy\" decoding=\"async\" class=\"size-medium wp-image-812 alignleft\" src=\"https:\/\/rfv-koenen.de\/wp-content\/uploads\/2022\/02\/Galileo-300x200.jpg\" alt=\"\" width=\"300\" height=\"200\" srcset=\"https:\/\/rfv-koenen.de\/wp-content\/uploads\/2022\/02\/Galileo-300x200.jpg 300w, https:\/\/rfv-koenen.de\/wp-content\/uploads\/2022\/02\/Galileo-1024x683.jpg 1024w, https:\/\/rfv-koenen.de\/wp-content\/uploads\/2022\/02\/Galileo-768x512.jpg 768w, https:\/\/rfv-koenen.de\/wp-content\/uploads\/2022\/02\/Galileo-1536x1024.jpg 1536w, https:\/\/rfv-koenen.de\/wp-content\/uploads\/2022\/02\/Galileo-2048x1366.jpg 2048w\" sizes=\"auto, (max-width: 300px) 100vw, 300px\" \/><\/p>\n<p>\u00a0<\/p>\n<p>\u00a0<\/p>\n<p>\u00a0<\/p>\n<p>\u00a0<\/p>\n<p>\u00a0<\/p>\n<p><strong>Lancelot<\/strong><\/p>\n<p><img loading=\"lazy\" decoding=\"async\" class=\"size-medium wp-image-810 alignleft\" src=\"https:\/\/rfv-koenen.de\/wp-content\/uploads\/2022\/02\/Lancelot-300x200.jpg\" alt=\"\" width=\"300\" height=\"200\" srcset=\"https:\/\/rfv-koenen.de\/wp-content\/uploads\/2022\/02\/Lancelot-300x200.jpg 300w, https:\/\/rfv-koenen.de\/wp-content\/uploads\/2022\/02\/Lancelot-1024x683.jpg 1024w, https:\/\/rfv-koenen.de\/wp-content\/uploads\/2022\/02\/Lancelot-768x512.jpg 768w, https:\/\/rfv-koenen.de\/wp-content\/uploads\/2022\/02\/Lancelot-1536x1024.jpg 1536w, https:\/\/rfv-koenen.de\/wp-content\/uploads\/2022\/02\/Lancelot-2048x1365.jpg 2048w\" sizes=\"auto, (max-width: 300px) 100vw, 300px\" \/>\u00a0<\/p>\n<p>\u00a0<\/p>\n<p>\u00a0<\/p>\n<p>\u00a0<\/p>\n<p>\u00a0<\/p>\n<p><strong>Larrino<\/strong><\/p>\n<p><img loading=\"lazy\" decoding=\"async\" class=\"size-medium wp-image-813 alignleft\" src=\"https:\/\/rfv-koenen.de\/wp-content\/uploads\/2022\/02\/Larrino-300x200.jpg\" alt=\"\" width=\"300\" height=\"200\" srcset=\"https:\/\/rfv-koenen.de\/wp-content\/uploads\/2022\/02\/Larrino-300x200.jpg 300w, https:\/\/rfv-koenen.de\/wp-content\/uploads\/2022\/02\/Larrino-1024x683.jpg 1024w, https:\/\/rfv-koenen.de\/wp-content\/uploads\/2022\/02\/Larrino-768x512.jpg 768w, https:\/\/rfv-koenen.de\/wp-content\/uploads\/2022\/02\/Larrino-1536x1024.jpg 1536w, https:\/\/rfv-koenen.de\/wp-content\/uploads\/2022\/02\/Larrino-2048x1366.jpg 2048w\" sizes=\"auto, (max-width: 300px) 100vw, 300px\" \/><\/p>\n<p>\u00a0<\/p>\n<\/div>\n<\/div>\n<div class=\"text-content graphic_textbox_layout_style_default_External_484_737\">\n<div class=\"graphic_textbox_layout_style_default\">\n<p>\u00a0<\/p>\n<p>\u00a0<\/p>\n<p>\u00a0<\/p>\n<p>\u00a0<\/p>\n<p><strong>Rania<\/strong><\/p>\n<p><img loading=\"lazy\" decoding=\"async\" class=\"size-medium wp-image-816 alignleft\" src=\"https:\/\/rfv-koenen.de\/wp-content\/uploads\/2022\/02\/Rania-1-300x200.jpg\" alt=\"\" width=\"300\" height=\"200\" srcset=\"https:\/\/rfv-koenen.de\/wp-content\/uploads\/2022\/02\/Rania-1-300x200.jpg 300w, https:\/\/rfv-koenen.de\/wp-content\/uploads\/2022\/02\/Rania-1-1024x683.jpg 1024w, https:\/\/rfv-koenen.de\/wp-content\/uploads\/2022\/02\/Rania-1-768x512.jpg 768w, https:\/\/rfv-koenen.de\/wp-content\/uploads\/2022\/02\/Rania-1-1536x1024.jpg 1536w, https:\/\/rfv-koenen.de\/wp-content\/uploads\/2022\/02\/Rania-1-2048x1366.jpg 2048w\" sizes=\"auto, (max-width: 300px) 100vw, 300px\" \/><\/p>\n<\/div>\n<\/div>\n<\/div>\n<p>\u00a0<\/p>\n<p>\u00a0<\/p>\n<p>\u00a0<\/p>\n<p>\u00a0<\/p>\n<p>\u00a0<\/p>\n<p><strong>Timmy<\/strong><\/p>\n<p><img loading=\"lazy\" decoding=\"async\" class=\"alignnone size-medium wp-image-1248\" src=\"https:\/\/rfv-koenen.de\/wp-content\/uploads\/2023\/10\/Timmy-2480x1654-1-300x200.jpg\" alt=\"\" width=\"300\" height=\"200\" srcset=\"https:\/\/rfv-koenen.de\/wp-content\/uploads\/2023\/10\/Timmy-2480x1654-1-300x200.jpg 300w, https:\/\/rfv-koenen.de\/wp-content\/uploads\/2023\/10\/Timmy-2480x1654-1-1024x683.jpg 1024w, https:\/\/rfv-koenen.de\/wp-content\/uploads\/2023\/10\/Timmy-2480x1654-1-768x513.jpg 768w, https:\/\/rfv-koenen.de\/wp-content\/uploads\/2023\/10\/Timmy-2480x1654-1-1536x1025.jpg 1536w, https:\/\/rfv-koenen.de\/wp-content\/uploads\/2023\/10\/Timmy-2480x1654-1-2048x1367.jpg 2048w\" sizes=\"auto, (max-width: 300px) 100vw, 300px\" \/><\/p>\n<p>\u00a0<\/p>\n<div id=\"id4\" class=\"style_SkipStroke_2 shape-with-text\">\n<div class=\"text-content graphic_textbox_layout_style_default_External_484_737\">\n<div class=\"graphic_textbox_layout_style_default\">\n<h2><strong>Unsere Shetties<\/strong><\/h2>\n<p><strong>Donja<br \/><\/strong><\/p>\n<p><img loading=\"lazy\" decoding=\"async\" class=\"size-medium wp-image-817 alignleft\" src=\"https:\/\/rfv-koenen.de\/wp-content\/uploads\/2022\/02\/Donja-2-Print-300x200.jpg\" alt=\"\" width=\"300\" height=\"200\" srcset=\"https:\/\/rfv-koenen.de\/wp-content\/uploads\/2022\/02\/Donja-2-Print-300x200.jpg 300w, https:\/\/rfv-koenen.de\/wp-content\/uploads\/2022\/02\/Donja-2-Print-1024x683.jpg 1024w, https:\/\/rfv-koenen.de\/wp-content\/uploads\/2022\/02\/Donja-2-Print-768x512.jpg 768w, https:\/\/rfv-koenen.de\/wp-content\/uploads\/2022\/02\/Donja-2-Print-1536x1024.jpg 1536w, https:\/\/rfv-koenen.de\/wp-content\/uploads\/2022\/02\/Donja-2-Print-2048x1365.jpg 2048w\" sizes=\"auto, (max-width: 300px) 100vw, 300px\" \/><\/p>\n<p>\u00a0<\/p>\n<\/div>\n<\/div>\n<\/div>\n<p>\u00a0<\/p>\n<p>\u00a0<\/p>\n<p>\u00a0<\/p>\n<p>\u00a0<\/p>\n<p><strong>Nala<\/strong><\/p>\n<p><img loading=\"lazy\" decoding=\"async\" class=\"size-medium wp-image-818 alignleft\" src=\"https:\/\/rfv-koenen.de\/wp-content\/uploads\/2022\/02\/Nala-2-Print-300x200.jpg\" alt=\"\" width=\"300\" height=\"200\" srcset=\"https:\/\/rfv-koenen.de\/wp-content\/uploads\/2022\/02\/Nala-2-Print-300x200.jpg 300w, https:\/\/rfv-koenen.de\/wp-content\/uploads\/2022\/02\/Nala-2-Print-1024x683.jpg 1024w, https:\/\/rfv-koenen.de\/wp-content\/uploads\/2022\/02\/Nala-2-Print-768x512.jpg 768w, https:\/\/rfv-koenen.de\/wp-content\/uploads\/2022\/02\/Nala-2-Print-1536x1024.jpg 1536w, https:\/\/rfv-koenen.de\/wp-content\/uploads\/2022\/02\/Nala-2-Print-2048x1365.jpg 2048w\" sizes=\"auto, (max-width: 300px) 100vw, 300px\" \/><\/p>\n<p>\u00a0<\/p>\n<p>\u00a0<\/p>\n<p>\u00a0<\/p>\n<p>\u00a0<\/p>\n<p>\u00a0<\/p>\n<p><strong>Felicity und Namika<\/strong><\/p>\n<p><img loading=\"lazy\" decoding=\"async\" class=\"size-medium wp-image-819 alignleft\" src=\"https:\/\/rfv-koenen.de\/wp-content\/uploads\/2022\/02\/FelicityNamika-Print-300x200.jpg\" alt=\"\" width=\"300\" height=\"200\" srcset=\"https:\/\/rfv-koenen.de\/wp-content\/uploads\/2022\/02\/FelicityNamika-Print-300x200.jpg 300w, https:\/\/rfv-koenen.de\/wp-content\/uploads\/2022\/02\/FelicityNamika-Print-1024x683.jpg 1024w, https:\/\/rfv-koenen.de\/wp-content\/uploads\/2022\/02\/FelicityNamika-Print-768x512.jpg 768w, https:\/\/rfv-koenen.de\/wp-content\/uploads\/2022\/02\/FelicityNamika-Print-1536x1024.jpg 1536w, https:\/\/rfv-koenen.de\/wp-content\/uploads\/2022\/02\/FelicityNamika-Print-2048x1365.jpg 2048w\" sizes=\"auto, (max-width: 300px) 100vw, 300px\" \/><\/p>","protected":false},"excerpt":{"rendered":"<p>Unsere Schulpferde Derzeit stehen uns 6 Pferde\/Ponys f\u00fcr den Schulbetrieb zur Verf\u00fcgung. Jedes zeigt dabei seinen einzigartigen Charakter, der je nach Ausbildungsstand des Reiters auch den unterschiedlichen Anspr\u00fcchen gerecht wird. Die Schulpferde sind gr\u00f6\u00dftenteils in Vereinsbesitz oder werden f\u00fcr die Unterrichtszeiten angepachtet. Jedes Pferd hat in seiner \u201eFreizeit\u201c au\u00dferhalb des Schulbetriebs seine feste Bezugsperson (Besitzer &hellip; <\/p>\n<p class=\"link-more\"><a href=\"https:\/\/rfv-koenen.de\/?page_id=453\" class=\"more-link\"><span class=\"screen-reader-text\">\u201eSchulpferde\u201c <\/span>weiterlesen<\/a><\/p>\n","protected":false},"author":1,"featured_media":0,"parent":0,"menu_order":0,"comment_status":"closed","ping_status":"closed","template":"","meta":{"footnotes":""},"class_list":["post-453","page","type-page","status-publish","hentry"],"_links":{"self":[{"href":"https:\/\/rfv-koenen.de\/index.php?rest_route=\/wp\/v2\/pages\/453","targetHints":{"allow":["GET"]}}],"collection":[{"href":"https:\/\/rfv-koenen.de\/index.php?rest_route=\/wp\/v2\/pages"}],"about":[{"href":"https:\/\/rfv-koenen.de\/index.php?rest_route=\/wp\/v2\/types\/page"}],"author":[{"embeddable":true,"href":"https:\/\/rfv-koenen.de\/index.php?rest_route=\/wp\/v2\/users\/1"}],"replies":[{"embeddable":true,"href":"https:\/\/rfv-koenen.de\/index.php?rest_route=%2Fwp%2Fv2%2Fcomments&post=453"}],"version-history":[{"count":14,"href":"https:\/\/rfv-koenen.de\/index.php?rest_route=\/wp\/v2\/pages\/453\/revisions"}],"predecessor-version":[{"id":1343,"href":"https:\/\/rfv-koenen.de\/index.php?rest_route=\/wp\/v2\/pages\/453\/revisions\/1343"}],"wp:attachment":[{"href":"https:\/\/rfv-koenen.de\/index.php?rest_route=%2Fwp%2Fv2%2Fmedia&parent=453"}],"curies":[{"name":"wp","href":"https:\/\/api.w.org\/{rel}","templated":true}]}}