{"id":456,"date":"2019-11-28T11:12:27","date_gmt":"2019-11-28T11:12:27","guid":{"rendered":"http:\/\/rfv-koenen.de\/?page_id=456"},"modified":"2026-03-04T18:39:24","modified_gmt":"2026-03-04T18:39:24","slug":"reitunterricht-zeiten","status":"publish","type":"page","link":"https:\/\/rfv-koenen.de\/?page_id=456","title":{"rendered":"Reitunterricht"},"content":{"rendered":"<h2><strong>Reitunterricht<\/strong><\/h2>\n<div class=\"entry-content\">\n<p>Wir bieten <strong>Reitunterricht<\/strong> f\u00fcr Einsteiger, Fortgeschrittene und Wiedereinsteiger auf Ponys und Pferden an. Derzeit stehen uns 7 Schulpferde\/Ponys zur Verf\u00fcgung. Es k\u00f6nnen Einzel-, Gruppen- und Longenstunden erteilt werden. F\u00fcr unsere kleinsten Pferdenarren (ab 6 Jahren) findet eine Spielgruppe statt, in der sie das Reiten auf spielerische Art und Weise entdecken k\u00f6nnen.\u00a0 Zu bestimmten Anl\u00e4ssen finden auch Theoriestunden in unserem Vereinslokal statt. Reitunterricht findet zu <strong>folgenden Zeiten<\/strong> (in der Regel in der <strong>Reithalle<\/strong>) statt:<\/p>\n<p class=\"paragraph_style_2\"><span class=\"style_1\">Montag: \u00a0 \u00a0 \u00a0 \u00a0 \u00a0 \u00a014:00-17:45 Uhr (Viviane Loedts)<br \/>\n<\/span><\/p>\n<p class=\"paragraph_style_2\"><span class=\"style_1\">Dienstag: \u00a0 \u00a0 \u00a0 \u00a0 17:30-19:30 Uhr (Timo Krapp)<br \/>\n<\/span><\/p>\n<p class=\"paragraph_style_2\"><span class=\"style_1\">Mittwoch: \u00a0 \u00a0 \u00a0 \u00a014:00-18:30 Uhr (Kim Stege)<br \/>\n<\/span><\/p>\n<p class=\"paragraph_style_2\"><span class=\"style_1\">Donnerstag: \u00a0 8:30-10:15 (Katrin Kellendonk) und <\/span><span class=\"style_1\">14:00-18:30 Uhr (Kim Stege)<br \/>\n<\/span><\/p>\n<p class=\"paragraph_style_2\"><span class=\"style_1\">Freitag: \u00a0 \u00a0 \u00a0 \u00a0 \u00a0 \u00a0 \u00a014:00-17:45 Uhr (Lia Hommes )<br \/>\n<\/span><\/p>\n<p class=\"paragraph_style_2\"><span class=\"style_1\">Samstag: \u00a0 \u00a0 \u00a0 \u00a0 \u00a09:30-13:30 Uhr (Kim Stege) \u00a0\u00a0\u00a0\u00a0\u00a0\u00a0\u00a0\u00a0\u00a0\u00a0\u00a0\u00a0\u00a0\u00a0\u00a0\u00a0\u00a0\u00a0\u00a0\u00a0\u00a0\u00a0\u00a0\u00a0\u00a0\u00a0\u00a0\u00a0 \u00a0\u00a0 \u00a0\u00a0\u00a0\u00a0\u00a0\u00a0\u00a0\u00a0\u00a0\u00a0\u00a0\u00a0\u00a0\u00a0\u00a0\u00a0\u00a0\u00a0\u00a0\u00a0\u00a0\u00a0\u00a0\u00a0\u00a0\u00a0\u00a0\u00a0\u00a0\u00a0\u00a0\u00a0\u00a0\u00a0 <\/span><\/p>\n<p class=\"paragraph_style_2\">W\u00e4hrend der Schulferien sind \u00c4nderungen m\u00f6glich.<\/p>\n<p>Die Au\u00dfenpl\u00e4tze und die Reithalle k\u00f6nnen selbstverst\u00e4ndlich von allen Einstellern (au\u00dferhalb der Schulbetriebzeiten) genutzt werden.\u00a0 Auch ein abwechslungsreiches Trainingsangebot steht unseren Einstellern zur Verf\u00fcgung.<\/p>\n<h1><img loading=\"lazy\" decoding=\"async\" class=\"rand alignnone wp-image-93 size-medium\" src=\"https:\/\/rfv-koenen.de\/wp-content\/uploads\/2018\/02\/Abzeichen2015_2-300x162.jpg\" alt=\"\" width=\"300\" height=\"162\" srcset=\"https:\/\/rfv-koenen.de\/wp-content\/uploads\/2018\/02\/Abzeichen2015_2-300x162.jpg 300w, https:\/\/rfv-koenen.de\/wp-content\/uploads\/2018\/02\/Abzeichen2015_2-768x415.jpg 768w, https:\/\/rfv-koenen.de\/wp-content\/uploads\/2018\/02\/Abzeichen2015_2-1024x553.jpg 1024w, https:\/\/rfv-koenen.de\/wp-content\/uploads\/2018\/02\/Abzeichen2015_2.jpg 1920w\" sizes=\"auto, (max-width: 300px) 100vw, 300px\" \/><img loading=\"lazy\" decoding=\"async\" class=\"rand alignnone wp-image-72 size-medium\" src=\"https:\/\/rfv-koenen.de\/wp-content\/uploads\/2018\/02\/DSC02469-300x225.jpg\" alt=\"\" width=\"300\" height=\"225\" srcset=\"https:\/\/rfv-koenen.de\/wp-content\/uploads\/2018\/02\/DSC02469-300x225.jpg 300w, https:\/\/rfv-koenen.de\/wp-content\/uploads\/2018\/02\/DSC02469-768x576.jpg 768w, https:\/\/rfv-koenen.de\/wp-content\/uploads\/2018\/02\/DSC02469-1024x768.jpg 1024w, https:\/\/rfv-koenen.de\/wp-content\/uploads\/2018\/02\/DSC02469.jpg 1920w\" sizes=\"auto, (max-width: 300px) 100vw, 300px\" \/><\/h1>\n<\/div>\n","protected":false},"excerpt":{"rendered":"<p>Reitunterricht Wir bieten Reitunterricht f\u00fcr Einsteiger, Fortgeschrittene und Wiedereinsteiger auf Ponys und Pferden an. Derzeit stehen uns 7 Schulpferde\/Ponys zur Verf\u00fcgung. Es k\u00f6nnen Einzel-, Gruppen- und Longenstunden erteilt werden. F\u00fcr unsere kleinsten Pferdenarren (ab 6 Jahren) findet eine Spielgruppe statt, in der sie das Reiten auf spielerische Art und Weise entdecken k\u00f6nnen.\u00a0 Zu bestimmten Anl\u00e4ssen &hellip; <\/p>\n<p class=\"link-more\"><a href=\"https:\/\/rfv-koenen.de\/?page_id=456\" class=\"more-link\"><span class=\"screen-reader-text\">\u201eReitunterricht\u201c <\/span>weiterlesen<\/a><\/p>\n","protected":false},"author":1,"featured_media":0,"parent":0,"menu_order":0,"comment_status":"closed","ping_status":"closed","template":"","meta":{"footnotes":""},"class_list":["post-456","page","type-page","status-publish","hentry"],"_links":{"self":[{"href":"https:\/\/rfv-koenen.de\/index.php?rest_route=\/wp\/v2\/pages\/456","targetHints":{"allow":["GET"]}}],"collection":[{"href":"https:\/\/rfv-koenen.de\/index.php?rest_route=\/wp\/v2\/pages"}],"about":[{"href":"https:\/\/rfv-koenen.de\/index.php?rest_route=\/wp\/v2\/types\/page"}],"author":[{"embeddable":true,"href":"https:\/\/rfv-koenen.de\/index.php?rest_route=\/wp\/v2\/users\/1"}],"replies":[{"embeddable":true,"href":"https:\/\/rfv-koenen.de\/index.php?rest_route=%2Fwp%2Fv2%2Fcomments&post=456"}],"version-history":[{"count":13,"href":"https:\/\/rfv-koenen.de\/index.php?rest_route=\/wp\/v2\/pages\/456\/revisions"}],"predecessor-version":[{"id":1543,"href":"https:\/\/rfv-koenen.de\/index.php?rest_route=\/wp\/v2\/pages\/456\/revisions\/1543"}],"wp:attachment":[{"href":"https:\/\/rfv-koenen.de\/index.php?rest_route=%2Fwp%2Fv2%2Fmedia&parent=456"}],"curies":[{"name":"wp","href":"https:\/\/api.w.org\/{rel}","templated":true}]}}