{"id":482,"date":"2019-11-28T11:39:30","date_gmt":"2019-11-28T11:39:30","guid":{"rendered":"http:\/\/rfv-koenen.de\/?page_id=482"},"modified":"2024-03-25T08:55:58","modified_gmt":"2024-03-25T08:55:58","slug":"vorstand","status":"publish","type":"page","link":"https:\/\/rfv-koenen.de\/?page_id=482","title":{"rendered":"Vorstand"},"content":{"rendered":"<h2>Der Vorstand<\/h2>\n<p class=\"paragraph_style_2\"><strong><span class=\"Aufz\u00e4hlungszeichen\">1. <\/span>Vorsitzende:<br \/>\n<\/strong>Dr. Andrea B\u00fcnger<\/p>\n<div id=\"id6\" class=\"style_SkipStroke_2 shape-with-text\">\n<div class=\"text-content graphic_textbox_layout_style_default_External_331_647\">\n<div class=\"graphic_textbox_layout_style_default\">\n<p class=\"paragraph_style_3\"><strong>Gesch\u00e4ftsf\u00fchrerin und stellvertretende Vorsitzende:<br \/>\n<\/strong>Katrin Kellendonk<\/p>\n<p class=\"paragraph_style_3\"><strong>Schatzmeisterin und stellvertretende Vorsitzende:<br \/>\n<\/strong>Annette Ryll<\/p>\n<p><strong>Schriftf\u00fchrerin und Pressewart:<br \/>\n<\/strong>Martina Holbach<\/p>\n<p class=\"paragraph_style_3\"><strong>Sportwarte:<br \/>\n<\/strong>Michelle Faber und Hans-Erwin M\u00fcller<\/p>\n<p class=\"paragraph_style_3\"><strong>Jugendwart:<br \/>\n<\/strong>Viviane Loedts<\/p>\n<div id=\"id6\" class=\"style_SkipStroke_2 shape-with-text\">\n<div class=\"text-content graphic_textbox_layout_style_default_External_331_647\">\n<div class=\"graphic_textbox_layout_style_default\">\n<p class=\"paragraph_style_3\"><strong>Zeugwart:<br \/>\n<\/strong>Andr\u00e9e Haag<\/p>\n<p class=\"paragraph_style_3\"><strong>Vertreterin der Freizeitreiter:<br \/>\n<\/strong>Christine Gerstberger<\/p>\n<\/div>\n<\/div>\n<\/div>\n<\/div>\n<\/div>\n<\/div>\n","protected":false},"excerpt":{"rendered":"<p>Der Vorstand 1. Vorsitzende: Dr. Andrea B\u00fcnger Gesch\u00e4ftsf\u00fchrerin und stellvertretende Vorsitzende: Katrin Kellendonk Schatzmeisterin und stellvertretende Vorsitzende: Annette Ryll Schriftf\u00fchrerin und Pressewart: Martina Holbach Sportwarte: Michelle Faber und Hans-Erwin M\u00fcller Jugendwart: Viviane Loedts Zeugwart: Andr\u00e9e Haag Vertreterin der Freizeitreiter: Christine Gerstberger<\/p>\n","protected":false},"author":1,"featured_media":0,"parent":0,"menu_order":0,"comment_status":"closed","ping_status":"closed","template":"","meta":{"footnotes":""},"class_list":["post-482","page","type-page","status-publish","hentry"],"_links":{"self":[{"href":"https:\/\/rfv-koenen.de\/index.php?rest_route=\/wp\/v2\/pages\/482","targetHints":{"allow":["GET"]}}],"collection":[{"href":"https:\/\/rfv-koenen.de\/index.php?rest_route=\/wp\/v2\/pages"}],"about":[{"href":"https:\/\/rfv-koenen.de\/index.php?rest_route=\/wp\/v2\/types\/page"}],"author":[{"embeddable":true,"href":"https:\/\/rfv-koenen.de\/index.php?rest_route=\/wp\/v2\/users\/1"}],"replies":[{"embeddable":true,"href":"https:\/\/rfv-koenen.de\/index.php?rest_route=%2Fwp%2Fv2%2Fcomments&post=482"}],"version-history":[{"count":8,"href":"https:\/\/rfv-koenen.de\/index.php?rest_route=\/wp\/v2\/pages\/482\/revisions"}],"predecessor-version":[{"id":1315,"href":"https:\/\/rfv-koenen.de\/index.php?rest_route=\/wp\/v2\/pages\/482\/revisions\/1315"}],"wp:attachment":[{"href":"https:\/\/rfv-koenen.de\/index.php?rest_route=%2Fwp%2Fv2%2Fmedia&parent=482"}],"curies":[{"name":"wp","href":"https:\/\/api.w.org\/{rel}","templated":true}]}}