{"id":485,"date":"2019-11-28T11:40:39","date_gmt":"2019-11-28T11:40:39","guid":{"rendered":"http:\/\/rfv-koenen.de\/?page_id=485"},"modified":"2020-01-08T07:54:31","modified_gmt":"2020-01-08T07:54:31","slug":"beitraege","status":"publish","type":"page","link":"https:\/\/rfv-koenen.de\/?page_id=485","title":{"rendered":"Beitr\u00e4ge"},"content":{"rendered":"<div id=\"id6\" class=\"style_SkipStroke_2 shape-with-text\">\n<div class=\"text-content graphic_textbox_layout_style_default_External_331_647\">\n<h2>Beitr\u00e4ge<\/h2>\n<p>Den Aufnahmeantrag und unsere Satzung findet Ihr hier:<\/p>\n<p><a href=\"https:\/\/rfv-koenen.de\/wp-content\/uploads\/2020\/01\/vereinsmitgliedschaft_mit_Beitragsaenderung.pdf\">Aufnahmeantrag<\/a><\/p>\n<p><a href=\"https:\/\/rfv-koenen.de\/wp-content\/uploads\/2020\/01\/Satzung-RFV.pdf\">Satzung-RFV<\/a><\/p>\n<p><strong>Aufnahmegeb\u00fchr:<br \/>\n<\/strong><\/p>\n<p>Jugendliche (Sch\u00fcler, Studenten) Auszubildende, Ersatz- und Wehrdienstleistende: 10 Euro<\/p>\n<p>Erwachsene: 20 Euro<\/p>\n<p>Familien: 35 Euro<\/p>\n<p><strong>Jahresbeitrag (ab 1.1.2020):<br \/>\n<\/strong><\/p>\n<p>Jugendliche (Sch\u00fcler, Studenten) Auszubildende, Ersatz- und Wehrdienstleistende: 50 Euro<\/p>\n<p>Erwachsene: 85 Euro<\/p>\n<p>Familien: 150 Euro<\/p>\n<p>Inaktive: 48 Euro<\/p>\n<\/div>\n<\/div>\n<p>&nbsp;<\/p>\n","protected":false},"excerpt":{"rendered":"<p>Beitr\u00e4ge Den Aufnahmeantrag und unsere Satzung findet Ihr hier: Aufnahmeantrag Satzung-RFV Aufnahmegeb\u00fchr: Jugendliche (Sch\u00fcler, Studenten) Auszubildende, Ersatz- und Wehrdienstleistende: 10 Euro Erwachsene: 20 Euro Familien: 35 Euro Jahresbeitrag (ab 1.1.2020): Jugendliche (Sch\u00fcler, Studenten) Auszubildende, Ersatz- und Wehrdienstleistende: 50 Euro Erwachsene: 85 Euro Familien: 150 Euro Inaktive: 48 Euro &nbsp;<\/p>\n","protected":false},"author":1,"featured_media":0,"parent":0,"menu_order":0,"comment_status":"closed","ping_status":"closed","template":"","meta":{"footnotes":""},"class_list":["post-485","page","type-page","status-publish","hentry"],"_links":{"self":[{"href":"https:\/\/rfv-koenen.de\/index.php?rest_route=\/wp\/v2\/pages\/485","targetHints":{"allow":["GET"]}}],"collection":[{"href":"https:\/\/rfv-koenen.de\/index.php?rest_route=\/wp\/v2\/pages"}],"about":[{"href":"https:\/\/rfv-koenen.de\/index.php?rest_route=\/wp\/v2\/types\/page"}],"author":[{"embeddable":true,"href":"https:\/\/rfv-koenen.de\/index.php?rest_route=\/wp\/v2\/users\/1"}],"replies":[{"embeddable":true,"href":"https:\/\/rfv-koenen.de\/index.php?rest_route=%2Fwp%2Fv2%2Fcomments&post=485"}],"version-history":[{"count":8,"href":"https:\/\/rfv-koenen.de\/index.php?rest_route=\/wp\/v2\/pages\/485\/revisions"}],"predecessor-version":[{"id":644,"href":"https:\/\/rfv-koenen.de\/index.php?rest_route=\/wp\/v2\/pages\/485\/revisions\/644"}],"wp:attachment":[{"href":"https:\/\/rfv-koenen.de\/index.php?rest_route=%2Fwp%2Fv2%2Fmedia&parent=485"}],"curies":[{"name":"wp","href":"https:\/\/api.w.org\/{rel}","templated":true}]}}