{"id":488,"date":"2019-11-28T11:42:23","date_gmt":"2019-11-28T11:42:23","guid":{"rendered":"http:\/\/rfv-koenen.de\/?page_id=488"},"modified":"2019-11-28T11:42:23","modified_gmt":"2019-11-28T11:42:23","slug":"vereinsgeschichte","status":"publish","type":"page","link":"https:\/\/rfv-koenen.de\/?page_id=488","title":{"rendered":"Vereinsgeschichte"},"content":{"rendered":"<h2><strong>Vereinsgeschichte<\/strong><\/h2>\n<p><strong>Gr\u00fcndung<\/strong><\/p>\n<p><em>&#8222;Johann Wacht, passionierter Pferde- und Reitsportfreund, dessen Ambitionen weder auf Pferdezucht noch auf Gr\u00fcndung eines hippologischen Instituts, sondern auf den menschlichen Kontakt mit dem Pferd hinausliefen, darf heute ohne Pathos als der Vater des\u00a0 R. V. St. Georg angesehen werden.<\/em><\/p>\n<p><em>Seine private Reitanlage in K\u00f6nen, die er in beispielhafter Generosit\u00e4t zur Verf\u00fcgung stellte, bedeutete eine ideale Ausgangsbasis f\u00fcr die Gr\u00fcndung des jungen Vereins, die die \u00fcblichen Anfangsschwierigkeiten fast auf ein Minimum reduzierte.<\/em><\/p>\n<p><em>So formierte sich am 21. Mai 1966 im Gasthaus Kugel in K\u00f6nen eine Schar von 30 Pferdefreunden zur Gr\u00fcndungsversammlung des jetzigen Reit- und Fahrvereins St. Georg e.V.<\/em><\/p>\n<p><em>Der an diesem Tag gew\u00e4hlte Vorstand der ersten Stunde setzte sich wie folgt zusammen:<\/em><\/p>\n<p><em>1. Vorsitzender: Wilhelm Schirmer<\/em><\/p>\n<p><em>Gesch\u00e4ftsf\u00fchrer und 2. Vorsitzender: G\u00fcnther Ernst<\/em><\/p>\n<p><em>Kassenwart: Rudolf Steinlein<\/em><\/p>\n<p><em>Sportwart: Paul Berling<\/em><\/p>\n<p><em>Jugendwart: Eugen Otto<\/em><\/p>\n<p><em>Der Tierarzt Dr. Walter Schneider, der bereits durch seine gute Verbindung zu Warendorf den westf\u00e4llischen Reitlehrer Paul Berling als Ausbilder f\u00fcr K\u00f6nen gewinnen konnte, \u00fcbernahm eine allgemein beratende Funktion.&#8220; <strong>(Auszug aus der Chronik 1976)<\/strong><\/em><\/p>\n<p><strong>Sportliche Erfolge<\/strong><\/p>\n<p>Hans Helmut Bauer, geborener K\u00f6nener aus der Reinigerstra\u00dfe, nahm ebenso wie Dorothee Meiers aus Bitburg, bereits in den 70er Jahren an den deutschen Meisterschaften der Springreiter teil. Hervorzuheben ist die Teilnahme von H.\u00a0 Bauer 1975 in Hamburg, wo er mit dem 10. Platz als Bester von den vier von Rheinland-Pfalz aufgestellten Junioren abschlie\u00dfen konnte. Hans-Helmut Bauer unterh\u00e4lt seit ca. 2001 einen internationalen Springstall. Alois Pollmann-Schweckhorst stellt seine Pferde international vor. Bauer ist Inhaber des goldenen Reitabzeichens und reitet selbst schwere Springen der Klasse S, in denen er etliche Siege und Platzierungen erhielte.<\/p>\n<p>Altsportler Peter Lunkes war Teilnehmer beim Hamburger Springderby, einem der bekanntesten Springen der Welt.<\/p>\n<p>Wolfgang Natus, damaliger IHK-Pr\u00e4sident, war 1970 Landesmeister der Vielseitigkeitsreiter, sp\u00e4ter mit eigenem Dressurstall, erfolgreicher S-Dressurreiter.<\/p>\n<p>Die gro\u00dfen und bedeutenden internationalen Reitertage in Saarburg in den 70er Jahren wurden vom Reitverein St. Georg K\u00f6nen organisiert und ausgetragen.<\/p>\n<p>Mehrere Siege und Platzierungen in den 70ern, 80ern und 90ern bei den Bezirksmeisterschaften der Erwachsenen-\u00a0 und Jugendmannschaften, der Dressur- und Springchampionate und in den Einzelwertungen.<\/p>\n<p>Gewinn der Landesmeisterschaft der Mannschaften im Jahr 1987, 3. Platz im Jahr 1993, 4. Platz in 1975.<\/p>\n<p>Stefan Berling war Teilnehmer im Bundeschampionat der jungen Pferde.<\/p>\n<p>Petra Fahl wurde 1988 in Koblenz in der Einzelwertung Vize-Landesmeisterin und Siegerin des Eurocard-Junior-Cups 1990\/1991 in Mainz-Heidesheim. Bei dem internationalen Jugendturnier in Mosbach siegte sie mit der Mannschaft des Rheinland-Pfalz Kaders.<\/p>\n<p>Die sportlichen Erfolge des RV K\u00f6nen in all den Jahren sind ausschlie\u00dflich dem Reitlehrer <strong>Paul Berling<\/strong>, der selbst erfolgreich Dressur und Springen geritten ist, zu verdanken. Er hat mit seiner enormen Pferdekenntnis und Bereitschaft die Jugend selbstlos zu unterst\u00fctzen, ma\u00dfgeblich zum Weiterkommen des Vereins beigetragen. Hierf\u00fcr geb\u00fchrt ihm besonderer Dank von allen Mitgliedern.<\/p>\n<p><strong>Sonstiges<\/strong><\/p>\n<p>Veranstaltung von Fuchs- und Schleppjagden von bis zu 120 Pferden und Reitern<\/p>\n<p>Veranstaltung von Jugendfreizeiten<\/p>\n<p>Teilnahme an Faschingsumz\u00fcgen<\/p>\n<p>&nbsp;<\/p>\n<p>&nbsp;<\/p>\n","protected":false},"excerpt":{"rendered":"<p>Vereinsgeschichte Gr\u00fcndung &#8222;Johann Wacht, passionierter Pferde- und Reitsportfreund, dessen Ambitionen weder auf Pferdezucht noch auf Gr\u00fcndung eines hippologischen Instituts, sondern auf den menschlichen Kontakt mit dem Pferd hinausliefen, darf heute ohne Pathos als der Vater des\u00a0 R. V. St. Georg angesehen werden. Seine private Reitanlage in K\u00f6nen, die er in beispielhafter Generosit\u00e4t zur Verf\u00fcgung stellte, &hellip; <\/p>\n<p class=\"link-more\"><a href=\"https:\/\/rfv-koenen.de\/?page_id=488\" class=\"more-link\"><span class=\"screen-reader-text\">\u201eVereinsgeschichte\u201c <\/span>weiterlesen<\/a><\/p>\n","protected":false},"author":1,"featured_media":0,"parent":0,"menu_order":0,"comment_status":"closed","ping_status":"closed","template":"","meta":{"footnotes":""},"class_list":["post-488","page","type-page","status-publish","hentry"],"_links":{"self":[{"href":"https:\/\/rfv-koenen.de\/index.php?rest_route=\/wp\/v2\/pages\/488","targetHints":{"allow":["GET"]}}],"collection":[{"href":"https:\/\/rfv-koenen.de\/index.php?rest_route=\/wp\/v2\/pages"}],"about":[{"href":"https:\/\/rfv-koenen.de\/index.php?rest_route=\/wp\/v2\/types\/page"}],"author":[{"embeddable":true,"href":"https:\/\/rfv-koenen.de\/index.php?rest_route=\/wp\/v2\/users\/1"}],"replies":[{"embeddable":true,"href":"https:\/\/rfv-koenen.de\/index.php?rest_route=%2Fwp%2Fv2%2Fcomments&post=488"}],"version-history":[{"count":1,"href":"https:\/\/rfv-koenen.de\/index.php?rest_route=\/wp\/v2\/pages\/488\/revisions"}],"predecessor-version":[{"id":490,"href":"https:\/\/rfv-koenen.de\/index.php?rest_route=\/wp\/v2\/pages\/488\/revisions\/490"}],"wp:attachment":[{"href":"https:\/\/rfv-koenen.de\/index.php?rest_route=%2Fwp%2Fv2%2Fmedia&parent=488"}],"curies":[{"name":"wp","href":"https:\/\/api.w.org\/{rel}","templated":true}]}}