{"id":494,"date":"2019-11-28T11:44:31","date_gmt":"2019-11-28T11:44:31","guid":{"rendered":"http:\/\/rfv-koenen.de\/?page_id=494"},"modified":"2019-12-05T14:32:02","modified_gmt":"2019-12-05T14:32:02","slug":"verein-n","status":"publish","type":"page","link":"https:\/\/rfv-koenen.de\/?page_id=494","title":{"rendered":"Verein"},"content":{"rendered":"<div class=\"entry-content\">\n<h2>Verein<\/h2>\n<p class=\"rand paragraph_style_1\"><img loading=\"lazy\" decoding=\"async\" class=\"alignnone size-medium wp-image-120\" src=\"https:\/\/rfv-koenen.de\/wp-content\/uploads\/2018\/02\/droppedImage-270x300.png\" alt=\"\" width=\"270\" height=\"300\" srcset=\"https:\/\/rfv-koenen.de\/wp-content\/uploads\/2018\/02\/droppedImage-270x300.png 270w, https:\/\/rfv-koenen.de\/wp-content\/uploads\/2018\/02\/droppedImage.png 271w\" sizes=\"auto, (max-width: 270px) 100vw, 270px\" \/><\/p>\n<p>Der Reit- und Fahrverein St. Georg e.V. ist ein gemeinn\u00fctziger Verein mit derzeit ca. 140 Mitgliedern. Er ist organisiert im deutschen Sportbund und in der Deutschen Reiterlichen Vereinigung (FN). Wir haben uns die Ausbildung und F\u00f6rderung aller Personen, insbesondere von Kindern und Jugendlichen, die\u00a0 das Reiten, die Grundlagen von Haltung und Umgang mit Pferden erlernen m\u00f6chten, zum Ziel gemacht. Unsere Trainer bereiten euch auch auf Leistungspr\u00fcfungen im Pferdesport vor. Der Verein ist seit \u00fcber 40 Jahren Turnierveranstalter und seit dem 01.02.2008 f\u00fchrt der Verein die Reitanlage in eigener Regie.<\/p>\n<\/div>\n<p><img loading=\"lazy\" decoding=\"async\" class=\"rand alignnone size-medium wp-image-91\" src=\"https:\/\/rfv-koenen.de\/wp-content\/uploads\/2018\/02\/img_3139-300x200.jpg\" alt=\"\" width=\"300\" height=\"200\" srcset=\"https:\/\/rfv-koenen.de\/wp-content\/uploads\/2018\/02\/img_3139-300x200.jpg 300w, https:\/\/rfv-koenen.de\/wp-content\/uploads\/2018\/02\/img_3139-768x512.jpg 768w, https:\/\/rfv-koenen.de\/wp-content\/uploads\/2018\/02\/img_3139-1024x683.jpg 1024w, https:\/\/rfv-koenen.de\/wp-content\/uploads\/2018\/02\/img_3139.jpg 1920w\" sizes=\"auto, (max-width: 300px) 100vw, 300px\" \/><img loading=\"lazy\" decoding=\"async\" class=\"rand alignnone size-medium wp-image-348\" src=\"https:\/\/rfv-koenen.de\/wp-content\/uploads\/2018\/08\/IMG-20180615-WA0005-300x200.jpg\" alt=\"\" width=\"300\" height=\"200\" srcset=\"https:\/\/rfv-koenen.de\/wp-content\/uploads\/2018\/08\/IMG-20180615-WA0005-300x200.jpg 300w, https:\/\/rfv-koenen.de\/wp-content\/uploads\/2018\/08\/IMG-20180615-WA0005-768x512.jpg 768w, https:\/\/rfv-koenen.de\/wp-content\/uploads\/2018\/08\/IMG-20180615-WA0005-1024x682.jpg 1024w, https:\/\/rfv-koenen.de\/wp-content\/uploads\/2018\/08\/IMG-20180615-WA0005.jpg 1600w\" sizes=\"auto, (max-width: 300px) 100vw, 300px\" \/><\/p>\n<p>&nbsp;<\/p>\n","protected":false},"excerpt":{"rendered":"<p>Verein Der Reit- und Fahrverein St. Georg e.V. ist ein gemeinn\u00fctziger Verein mit derzeit ca. 140 Mitgliedern. Er ist organisiert im deutschen Sportbund und in der Deutschen Reiterlichen Vereinigung (FN). Wir haben uns die Ausbildung und F\u00f6rderung aller Personen, insbesondere von Kindern und Jugendlichen, die\u00a0 das Reiten, die Grundlagen von Haltung und Umgang mit Pferden &hellip; <\/p>\n<p class=\"link-more\"><a href=\"https:\/\/rfv-koenen.de\/?page_id=494\" class=\"more-link\"><span class=\"screen-reader-text\">\u201eVerein\u201c <\/span>weiterlesen<\/a><\/p>\n","protected":false},"author":1,"featured_media":0,"parent":0,"menu_order":0,"comment_status":"closed","ping_status":"closed","template":"","meta":{"footnotes":""},"class_list":["post-494","page","type-page","status-publish","hentry"],"_links":{"self":[{"href":"https:\/\/rfv-koenen.de\/index.php?rest_route=\/wp\/v2\/pages\/494","targetHints":{"allow":["GET"]}}],"collection":[{"href":"https:\/\/rfv-koenen.de\/index.php?rest_route=\/wp\/v2\/pages"}],"about":[{"href":"https:\/\/rfv-koenen.de\/index.php?rest_route=\/wp\/v2\/types\/page"}],"author":[{"embeddable":true,"href":"https:\/\/rfv-koenen.de\/index.php?rest_route=\/wp\/v2\/users\/1"}],"replies":[{"embeddable":true,"href":"https:\/\/rfv-koenen.de\/index.php?rest_route=%2Fwp%2Fv2%2Fcomments&post=494"}],"version-history":[{"count":5,"href":"https:\/\/rfv-koenen.de\/index.php?rest_route=\/wp\/v2\/pages\/494\/revisions"}],"predecessor-version":[{"id":607,"href":"https:\/\/rfv-koenen.de\/index.php?rest_route=\/wp\/v2\/pages\/494\/revisions\/607"}],"wp:attachment":[{"href":"https:\/\/rfv-koenen.de\/index.php?rest_route=%2Fwp%2Fv2%2Fmedia&parent=494"}],"curies":[{"name":"wp","href":"https:\/\/api.w.org\/{rel}","templated":true}]}}