{"id":503,"date":"2019-11-28T14:24:49","date_gmt":"2019-11-28T14:24:49","guid":{"rendered":"http:\/\/rfv-koenen.de\/?page_id=503"},"modified":"2026-03-04T18:43:07","modified_gmt":"2026-03-04T18:43:07","slug":"ansprechpartner-fuer-einsteller","status":"publish","type":"page","link":"https:\/\/rfv-koenen.de\/?page_id=503","title":{"rendered":"Ansprechpartner f\u00fcr Einsteller"},"content":{"rendered":"<h2>Ansprechpartner f\u00fcr Einsteller<\/h2>\n<p class=\"paragraph_style_2\">Die Boxen (entweder Au\u00dfenboxen oder Boxen in einem hellen, gut durchl\u00fcfteten Stall) werden t\u00e4glich gemistet (au\u00dfer sonntags) und die Pferde werden 2x t\u00e4glich individuell gef\u00fcttert. Kraftfutter wird auf Wunsch der Besitzer gef\u00fcttert.<\/p>\n<p>Jedes Pferd bekommt im Sommer Zugang zu Koppeln. Im Winter stehen Paddocks bereit. Die Pferde haben t\u00e4glich mehrere Stunden Freigang und werden zu ihren Weiden\/Paddocks gef\u00fchrt. Es werden nur Pferde zusammengestellt, die sich 100%ig vertragen, gut und ohne Rangordnungsprobleme miteinander auskommen.<\/p>\n<p class=\"paragraph_style_2\">Die Kosten f\u00fcr Box und Futter werden auf Anfrage ermittelt. Die Kosten f\u00fcr die Versorgung des Pferdes werden separat \u00fcber die Pferdeeinstellergemeinschaft (PEG) abgerechnet.<\/p>\n<p><strong>Ansprechpartner:<\/strong><\/p>\n<div class=\"graphic_textbox_layout_style_default\">Hans-Erwin M\u00fcller<\/div>\n<div class=\"graphic_textbox_layout_style_default\">Tel. 0175 1534587<\/div>\n<div class=\"graphic_textbox_layout_style_default\">Email: hans-erwin@web.de<\/div>\n","protected":false},"excerpt":{"rendered":"<p>Ansprechpartner f\u00fcr Einsteller Die Boxen (entweder Au\u00dfenboxen oder Boxen in einem hellen, gut durchl\u00fcfteten Stall) werden t\u00e4glich gemistet (au\u00dfer sonntags) und die Pferde werden 2x t\u00e4glich individuell gef\u00fcttert. Kraftfutter wird auf Wunsch der Besitzer gef\u00fcttert. Jedes Pferd bekommt im Sommer Zugang zu Koppeln. Im Winter stehen Paddocks bereit. Die Pferde haben t\u00e4glich mehrere Stunden Freigang &hellip; <\/p>\n<p class=\"link-more\"><a href=\"https:\/\/rfv-koenen.de\/?page_id=503\" class=\"more-link\"><span class=\"screen-reader-text\">\u201eAnsprechpartner f\u00fcr Einsteller\u201c <\/span>weiterlesen<\/a><\/p>\n","protected":false},"author":1,"featured_media":0,"parent":0,"menu_order":0,"comment_status":"closed","ping_status":"closed","template":"","meta":{"footnotes":""},"class_list":["post-503","page","type-page","status-publish","hentry"],"_links":{"self":[{"href":"https:\/\/rfv-koenen.de\/index.php?rest_route=\/wp\/v2\/pages\/503","targetHints":{"allow":["GET"]}}],"collection":[{"href":"https:\/\/rfv-koenen.de\/index.php?rest_route=\/wp\/v2\/pages"}],"about":[{"href":"https:\/\/rfv-koenen.de\/index.php?rest_route=\/wp\/v2\/types\/page"}],"author":[{"embeddable":true,"href":"https:\/\/rfv-koenen.de\/index.php?rest_route=\/wp\/v2\/users\/1"}],"replies":[{"embeddable":true,"href":"https:\/\/rfv-koenen.de\/index.php?rest_route=%2Fwp%2Fv2%2Fcomments&post=503"}],"version-history":[{"count":9,"href":"https:\/\/rfv-koenen.de\/index.php?rest_route=\/wp\/v2\/pages\/503\/revisions"}],"predecessor-version":[{"id":1545,"href":"https:\/\/rfv-koenen.de\/index.php?rest_route=\/wp\/v2\/pages\/503\/revisions\/1545"}],"wp:attachment":[{"href":"https:\/\/rfv-koenen.de\/index.php?rest_route=%2Fwp%2Fv2%2Fmedia&parent=503"}],"curies":[{"name":"wp","href":"https:\/\/api.w.org\/{rel}","templated":true}]}}