{"id":506,"date":"2019-11-28T14:25:28","date_gmt":"2019-11-28T14:25:28","guid":{"rendered":"http:\/\/rfv-koenen.de\/?page_id=506"},"modified":"2026-03-04T18:44:06","modified_gmt":"2026-03-04T18:44:06","slug":"reitanlage-n","status":"publish","type":"page","link":"https:\/\/rfv-koenen.de\/?page_id=506","title":{"rendered":"Reitanlage"},"content":{"rendered":"<h2>Reitanlage<\/h2>\n<p>Die Reitanlage &#8222;St. Georg K\u00f6nen&#8220; liegt umgeben von Weiden am Ortsrand von Konz-K\u00f6nen.<span class=\"style\"><br \/>\n<\/span><\/p>\n<p class=\"paragraph_style_3\">Sie verf\u00fcgt \u00fcber:<span class=\"style\"><br \/>\n<\/span><\/p>\n<ul>\n<li class=\"paragraph_style_2\">\u00a0\u00a0\u00a0\u00a0 27 Innen- und Au\u00dfenboxen<\/li>\n<li class=\"paragraph_style_2\">\u00a0\u00a0\u00a0\u00a0 Reithalle (18x38m)<\/li>\n<li class=\"paragraph_style_2\">\u00a0\u00a0\u00a0\u00a0 Springplatz (40x100m)<\/li>\n<li class=\"paragraph_style_2\">\u00a0\u00a0\u00a0\u00a0 Dressurplatz (25x50m)<\/li>\n<li class=\"paragraph_style_2\">\u00a0\u00a0\u00a0\u00a0 Waschplatz<\/li>\n<li class=\"paragraph_style_2\">\u00a0\u00a0\u00a0\u00a0 Paddocks<\/li>\n<li class=\"paragraph_style_2\">\u00a0\u00a0\u00a0\u00a0 Vereinslokal<\/li>\n<li class=\"paragraph_style_2\">\u00a0\u00a0\u00a0\u00a0 Grillplatz<\/li>\n<li class=\"paragraph_style_2\">\u00a0\u00a0\u00a0\u00a0 Kinderspielplatz<\/li>\n<li class=\"paragraph_style_2\">\u00a0\u00a0\u00a0\u00a0 vielseitiges Unterrichtsangebot\u2026<\/li>\n<\/ul>\n<p><img loading=\"lazy\" decoding=\"async\" class=\"rand alignnone wp-image-109 size-medium\" src=\"https:\/\/rfv-koenen.de\/wp-content\/uploads\/2018\/02\/IMG_3181-300x225.jpg\" alt=\"\" width=\"300\" height=\"225\" srcset=\"https:\/\/rfv-koenen.de\/wp-content\/uploads\/2018\/02\/IMG_3181-300x225.jpg 300w, https:\/\/rfv-koenen.de\/wp-content\/uploads\/2018\/02\/IMG_3181-768x576.jpg 768w, https:\/\/rfv-koenen.de\/wp-content\/uploads\/2018\/02\/IMG_3181-1024x768.jpg 1024w, https:\/\/rfv-koenen.de\/wp-content\/uploads\/2018\/02\/IMG_3181.jpg 1920w\" sizes=\"auto, (max-width: 300px) 100vw, 300px\" \/><img loading=\"lazy\" decoding=\"async\" class=\"rand alignnone wp-image-330 size-medium\" src=\"https:\/\/rfv-koenen.de\/wp-content\/uploads\/2018\/06\/Springplatz-K\u00f6nen-300x225.jpg\" alt=\"\" width=\"300\" height=\"225\" srcset=\"https:\/\/rfv-koenen.de\/wp-content\/uploads\/2018\/06\/Springplatz-K\u00f6nen-300x225.jpg 300w, https:\/\/rfv-koenen.de\/wp-content\/uploads\/2018\/06\/Springplatz-K\u00f6nen-768x576.jpg 768w, https:\/\/rfv-koenen.de\/wp-content\/uploads\/2018\/06\/Springplatz-K\u00f6nen.jpg 1024w\" sizes=\"auto, (max-width: 300px) 100vw, 300px\" \/><img loading=\"lazy\" decoding=\"async\" class=\"rand alignnone wp-image-10 size-medium\" src=\"https:\/\/rfv-koenen.de\/wp-content\/uploads\/2018\/02\/IMG_2503-300x225.jpg\" alt=\"\" width=\"300\" height=\"225\" srcset=\"https:\/\/rfv-koenen.de\/wp-content\/uploads\/2018\/02\/IMG_2503-300x225.jpg 300w, https:\/\/rfv-koenen.de\/wp-content\/uploads\/2018\/02\/IMG_2503-768x576.jpg 768w, https:\/\/rfv-koenen.de\/wp-content\/uploads\/2018\/02\/IMG_2503-1024x768.jpg 1024w, https:\/\/rfv-koenen.de\/wp-content\/uploads\/2018\/02\/IMG_2503.jpg 1920w\" sizes=\"auto, (max-width: 300px) 100vw, 300px\" \/><img loading=\"lazy\" decoding=\"async\" class=\"rand alignnone wp-image-272 size-medium\" src=\"https:\/\/rfv-koenen.de\/wp-content\/uploads\/2018\/05\/IMG-20180527-WA0020-300x200.jpg\" alt=\"\" width=\"300\" height=\"200\" srcset=\"https:\/\/rfv-koenen.de\/wp-content\/uploads\/2018\/05\/IMG-20180527-WA0020-300x200.jpg 300w, https:\/\/rfv-koenen.de\/wp-content\/uploads\/2018\/05\/IMG-20180527-WA0020-768x512.jpg 768w, https:\/\/rfv-koenen.de\/wp-content\/uploads\/2018\/05\/IMG-20180527-WA0020-1024x682.jpg 1024w, https:\/\/rfv-koenen.de\/wp-content\/uploads\/2018\/05\/IMG-20180527-WA0020.jpg 1280w\" sizes=\"auto, (max-width: 300px) 100vw, 300px\" \/><img loading=\"lazy\" decoding=\"async\" class=\"rand alignnone wp-image-321 size-medium\" src=\"https:\/\/rfv-koenen.de\/wp-content\/uploads\/2018\/06\/IMG-20180615-WA0003-300x200.jpg\" alt=\"\" width=\"300\" height=\"200\" srcset=\"https:\/\/rfv-koenen.de\/wp-content\/uploads\/2018\/06\/IMG-20180615-WA0003-300x200.jpg 300w, https:\/\/rfv-koenen.de\/wp-content\/uploads\/2018\/06\/IMG-20180615-WA0003-768x512.jpg 768w, https:\/\/rfv-koenen.de\/wp-content\/uploads\/2018\/06\/IMG-20180615-WA0003-1024x682.jpg 1024w, https:\/\/rfv-koenen.de\/wp-content\/uploads\/2018\/06\/IMG-20180615-WA0003.jpg 1600w\" sizes=\"auto, (max-width: 300px) 100vw, 300px\" \/><img loading=\"lazy\" decoding=\"async\" class=\"rand alignnone wp-image-322 size-medium\" src=\"https:\/\/rfv-koenen.de\/wp-content\/uploads\/2018\/06\/IMG-20180615-WA0014-300x200.jpg\" alt=\"\" width=\"300\" height=\"200\" srcset=\"https:\/\/rfv-koenen.de\/wp-content\/uploads\/2018\/06\/IMG-20180615-WA0014-300x200.jpg 300w, https:\/\/rfv-koenen.de\/wp-content\/uploads\/2018\/06\/IMG-20180615-WA0014-768x512.jpg 768w, https:\/\/rfv-koenen.de\/wp-content\/uploads\/2018\/06\/IMG-20180615-WA0014-1024x682.jpg 1024w, https:\/\/rfv-koenen.de\/wp-content\/uploads\/2018\/06\/IMG-20180615-WA0014.jpg 1600w\" sizes=\"auto, (max-width: 300px) 100vw, 300px\" \/>\u00a0 <img loading=\"lazy\" decoding=\"async\" class=\"rand alignnone wp-image-323 size-medium\" src=\"https:\/\/rfv-koenen.de\/wp-content\/uploads\/2018\/06\/IMG-20180615-WA0017-300x200.jpg\" alt=\"\" width=\"300\" height=\"200\" srcset=\"https:\/\/rfv-koenen.de\/wp-content\/uploads\/2018\/06\/IMG-20180615-WA0017-300x200.jpg 300w, https:\/\/rfv-koenen.de\/wp-content\/uploads\/2018\/06\/IMG-20180615-WA0017-768x512.jpg 768w, https:\/\/rfv-koenen.de\/wp-content\/uploads\/2018\/06\/IMG-20180615-WA0017-1024x682.jpg 1024w, https:\/\/rfv-koenen.de\/wp-content\/uploads\/2018\/06\/IMG-20180615-WA0017.jpg 1600w\" sizes=\"auto, (max-width: 300px) 100vw, 300px\" \/> <img loading=\"lazy\" decoding=\"async\" class=\"rand alignnone wp-image-324 size-medium\" src=\"https:\/\/rfv-koenen.de\/wp-content\/uploads\/2018\/06\/IMG-20180615-WA0021-300x200.jpg\" alt=\"\" width=\"300\" height=\"200\" srcset=\"https:\/\/rfv-koenen.de\/wp-content\/uploads\/2018\/06\/IMG-20180615-WA0021-300x200.jpg 300w, https:\/\/rfv-koenen.de\/wp-content\/uploads\/2018\/06\/IMG-20180615-WA0021-768x512.jpg 768w, https:\/\/rfv-koenen.de\/wp-content\/uploads\/2018\/06\/IMG-20180615-WA0021-1024x682.jpg 1024w, https:\/\/rfv-koenen.de\/wp-content\/uploads\/2018\/06\/IMG-20180615-WA0021.jpg 1600w\" sizes=\"auto, (max-width: 300px) 100vw, 300px\" \/><br \/>\n<img loading=\"lazy\" decoding=\"async\" class=\"rand alignnone wp-image-346 size-medium\" src=\"https:\/\/rfv-koenen.de\/wp-content\/uploads\/2018\/08\/IMG-20180615-WA0030-300x200.jpg\" alt=\"\" width=\"300\" height=\"200\" srcset=\"https:\/\/rfv-koenen.de\/wp-content\/uploads\/2018\/08\/IMG-20180615-WA0030-300x200.jpg 300w, https:\/\/rfv-koenen.de\/wp-content\/uploads\/2018\/08\/IMG-20180615-WA0030-768x512.jpg 768w, https:\/\/rfv-koenen.de\/wp-content\/uploads\/2018\/08\/IMG-20180615-WA0030-1024x682.jpg 1024w, https:\/\/rfv-koenen.de\/wp-content\/uploads\/2018\/08\/IMG-20180615-WA0030.jpg 1600w\" sizes=\"auto, (max-width: 300px) 100vw, 300px\" \/><\/p>\n","protected":false},"excerpt":{"rendered":"<p>Reitanlage Die Reitanlage &#8222;St. Georg K\u00f6nen&#8220; liegt umgeben von Weiden am Ortsrand von Konz-K\u00f6nen. Sie verf\u00fcgt \u00fcber: \u00a0\u00a0\u00a0\u00a0 27 Innen- und Au\u00dfenboxen \u00a0\u00a0\u00a0\u00a0 Reithalle (18x38m) \u00a0\u00a0\u00a0\u00a0 Springplatz (40x100m) \u00a0\u00a0\u00a0\u00a0 Dressurplatz (25x50m) \u00a0\u00a0\u00a0\u00a0 Waschplatz \u00a0\u00a0\u00a0\u00a0 Paddocks \u00a0\u00a0\u00a0\u00a0 Vereinslokal \u00a0\u00a0\u00a0\u00a0 Grillplatz \u00a0\u00a0\u00a0\u00a0 Kinderspielplatz \u00a0\u00a0\u00a0\u00a0 vielseitiges Unterrichtsangebot\u2026 \u00a0<\/p>\n","protected":false},"author":1,"featured_media":0,"parent":0,"menu_order":0,"comment_status":"closed","ping_status":"closed","template":"","meta":{"footnotes":""},"class_list":["post-506","page","type-page","status-publish","hentry"],"_links":{"self":[{"href":"https:\/\/rfv-koenen.de\/index.php?rest_route=\/wp\/v2\/pages\/506","targetHints":{"allow":["GET"]}}],"collection":[{"href":"https:\/\/rfv-koenen.de\/index.php?rest_route=\/wp\/v2\/pages"}],"about":[{"href":"https:\/\/rfv-koenen.de\/index.php?rest_route=\/wp\/v2\/types\/page"}],"author":[{"embeddable":true,"href":"https:\/\/rfv-koenen.de\/index.php?rest_route=\/wp\/v2\/users\/1"}],"replies":[{"embeddable":true,"href":"https:\/\/rfv-koenen.de\/index.php?rest_route=%2Fwp%2Fv2%2Fcomments&post=506"}],"version-history":[{"count":11,"href":"https:\/\/rfv-koenen.de\/index.php?rest_route=\/wp\/v2\/pages\/506\/revisions"}],"predecessor-version":[{"id":1546,"href":"https:\/\/rfv-koenen.de\/index.php?rest_route=\/wp\/v2\/pages\/506\/revisions\/1546"}],"wp:attachment":[{"href":"https:\/\/rfv-koenen.de\/index.php?rest_route=%2Fwp%2Fv2%2Fmedia&parent=506"}],"curies":[{"name":"wp","href":"https:\/\/api.w.org\/{rel}","templated":true}]}}