{"id":56,"date":"2018-02-16T15:31:17","date_gmt":"2018-02-16T15:31:17","guid":{"rendered":"http:\/\/wordpresstest.rfv-koenen.com\/?page_id=56"},"modified":"2019-11-28T11:37:33","modified_gmt":"2019-11-28T11:37:33","slug":"reitunterricht","status":"publish","type":"page","link":"https:\/\/rfv-koenen.de\/?page_id=56","title":{"rendered":"Reitunterricht &#8211; alt"},"content":{"rendered":"<header class=\"entry-header\">\n<h1><img decoding=\"async\" loading=\"lazy\" class=\"alignnone size-medium wp-image-93\" src=\"http:\/\/wordpresstest.rfv-koenen.com\/wp-content\/uploads\/2018\/02\/Abzeichen2015_2-300x162.jpg\" alt=\"\" width=\"300\" height=\"162\" srcset=\"https:\/\/rfv-koenen.de\/wp-content\/uploads\/2018\/02\/Abzeichen2015_2-300x162.jpg 300w, https:\/\/rfv-koenen.de\/wp-content\/uploads\/2018\/02\/Abzeichen2015_2-768x415.jpg 768w, https:\/\/rfv-koenen.de\/wp-content\/uploads\/2018\/02\/Abzeichen2015_2-1024x553.jpg 1024w, https:\/\/rfv-koenen.de\/wp-content\/uploads\/2018\/02\/Abzeichen2015_2.jpg 1920w\" sizes=\"(max-width: 300px) 100vw, 300px\" \/><img decoding=\"async\" loading=\"lazy\" class=\"alignnone size-medium wp-image-72\" src=\"http:\/\/wordpresstest.rfv-koenen.com\/wp-content\/uploads\/2018\/02\/DSC02469-300x225.jpg\" alt=\"\" width=\"300\" height=\"225\" srcset=\"https:\/\/rfv-koenen.de\/wp-content\/uploads\/2018\/02\/DSC02469-300x225.jpg 300w, https:\/\/rfv-koenen.de\/wp-content\/uploads\/2018\/02\/DSC02469-768x576.jpg 768w, https:\/\/rfv-koenen.de\/wp-content\/uploads\/2018\/02\/DSC02469-1024x768.jpg 1024w, https:\/\/rfv-koenen.de\/wp-content\/uploads\/2018\/02\/DSC02469.jpg 1920w\" sizes=\"(max-width: 300px) 100vw, 300px\" \/><\/h1>\n<h1 style=\"text-align: center;\"><strong>Reitunterricht in K\u00f6nen<br \/>\n<\/strong><\/h1>\n<\/header>\n<div class=\"entry-content\">\n<p>Wir bieten <strong>Reitunterricht<\/strong> f\u00fcr Einsteiger, Fortgeschrittene und Wiedereinsteiger auf Ponys und Pferden an. Derzeit stehen uns 8 Schulpferde\/Ponys zur Verf\u00fcgung. Es k\u00f6nnen Einzel-, Gruppen- und Longenstunden erteilt werden. F\u00fcr unsere kleinsten Pferdenarren (ab 6 Jahren) findet eine Spielgruppe statt, in der sie das Reiten auf spielerische Art und Weise entdecken k\u00f6nnen.\u00a0 Zu bestimmten Anl\u00e4ssen finden auch Theoriestunden in unserem Vereinslokal statt. Reitunterricht findet zu <strong>folgenden Zeiten<\/strong> (in der Regel in der <strong>Reithalle<\/strong>) statt:<\/p>\n<p class=\"paragraph_style_2\"><span class=\"style_1\">Montag: von 8:30 bis 10:15 Uhr &amp; 14:00 bis 17:45 Uhr (Katrin Kellendonk und Viviane Loedts)<br \/>\n<\/span><\/p>\n<p class=\"paragraph_style_2\"><span class=\"style_1\">Dienstag: von 17:00 bis 19:15 Uhr (Timo Krapp)<br \/>\n<\/span><\/p>\n<p class=\"paragraph_style_2\"><span class=\"style_1\">Mittwoch: von 14:00 bis 17:45 Uhr (Katrin Kellendonk und Viviane Loedts)<br \/>\n<\/span><\/p>\n<p class=\"paragraph_style_2\"><span class=\"style_1\">Donnerstag: von 14:00 bis 17:45 Uhr (Katrin Kellendonk und Viviane Loedts)<br \/>\n<\/span><\/p>\n<p class=\"paragraph_style_2\"><span class=\"style_1\">Freitag: von 14:00 bis 17:45 Uhr (Katrin Kellendonk und Viviane Loedts)<br \/>\n<\/span><\/p>\n<p class=\"paragraph_style_2\"><span class=\"style_1\">Samstag: 9:30 bis 13:30 Uhr (Katrin Kellendonk) \u00a0\u00a0\u00a0\u00a0\u00a0\u00a0\u00a0\u00a0\u00a0\u00a0\u00a0\u00a0\u00a0\u00a0\u00a0\u00a0\u00a0\u00a0\u00a0\u00a0\u00a0\u00a0\u00a0\u00a0\u00a0\u00a0\u00a0\u00a0 \u00a0\u00a0 \u00a0\u00a0\u00a0\u00a0\u00a0\u00a0\u00a0\u00a0\u00a0\u00a0\u00a0\u00a0\u00a0\u00a0\u00a0\u00a0\u00a0\u00a0\u00a0\u00a0\u00a0\u00a0\u00a0\u00a0\u00a0\u00a0\u00a0\u00a0\u00a0\u00a0\u00a0\u00a0\u00a0\u00a0 <\/span><\/p>\n<p class=\"paragraph_style_2\">W\u00e4hrend der Schulferien sind \u00c4nderungen m\u00f6glich.<\/p>\n<p>Die Au\u00dfenpl\u00e4tze und die Reithalle k\u00f6nnen selbstverst\u00e4ndlich von allen Einstellern (au\u00dferhalb der Schulbetriebzeiten) genutzt werden.\u00a0 Auch ein abwechslungsreiches Trainingsangebot steht unseren Einstellern zur Verf\u00fcgung.<\/p>\n<h2 style=\"text-align: center;\"><strong>Unsere Trainer:<\/strong><\/h2>\n<p class=\"paragraph_style_1\"><strong>Katrin Kellendonk<\/strong><\/p>\n<ul>\n<li class=\"paragraph_style_1\">Trainer C Ausbildung mit den Erg\u00e4nzungsqualifikationen &#8222;Kinderreitunterricht&#8220; und &#8222;Sitz- und Gleichgewichtsschulung&#8220;<\/li>\n<li>Tierheilpraktikerin, Tierphysiotherapeutin und<\/li>\n<li class=\"paragraph_style_3\">\u00a0Tierchiropraktikerin f\u00fcr Hund, Katze und Pferd<\/li>\n<li class=\"paragraph_style_4\">Terminvereinbarung vor Ort auf der Anlage (siehe Kontakt)<\/li>\n<li>Handy: 0175 6046681<\/li>\n<li>Email: <a title=\"mailto:katrin.kellendonk@t-online.de\" href=\"mailto:katrin.kellendonk@t-online.de\">katrin.kellendonk@t-online.de<\/a><span class=\"style_1\"><br \/>\n<\/span><\/li>\n<\/ul>\n<p><strong>Tanja Schneider<\/strong><\/p>\n<ul>\n<li>\u00a0Physio Riding Coach<\/li>\n<li>\u00a0Ausbildung<\/li>\n<li>Unterricht<\/li>\n<li>Beritt<\/li>\n<li>\u00a0Lehrg\u00e4nge<\/li>\n<li>Bereiterin FN<\/li>\n<li>Homepage: www.tanja-schneider.de<\/li>\n<\/ul>\n<p class=\"paragraph_style_4\"><strong>Timo Krapp<\/strong><\/p>\n<ul>\n<li class=\"paragraph_style_4\">Bereiter FN (Telnr.: 016091791376)<\/li>\n<\/ul>\n<p><strong>Viviane Loedts<\/strong><\/p>\n<ul>\n<li>Trainer Assistentin Reiten<\/li>\n<li>staatlich anerkannte Heilerziehungspflegerin<\/li>\n<li>angehende Sozialarbeiterin<\/li>\n<li>angehende Trainerin C Basissport<\/li>\n<\/ul>\n<h2 style=\"text-align: center;\"><strong>Preise<\/strong><\/h2>\n<ul>\n<li>Reitstunde in der Gruppe:\u00a0 64 Euro monatlich, bei einem festen Termin pro Woche<\/li>\n<li>Einzelstunde\/Longe: 88 Euro monatlich, bei einem festen Termin pro Woche<\/li>\n<li>Shetty-Gruppe: 12 Euro pro Reitstunde<\/li>\n<li>Theoriestunde: 10 Euro pro Stunde<\/li>\n<li>gef\u00fchrte Ponyritte f\u00fcr Kinder im Gel\u00e4nde: 30 Euro (bei einem Pony), je weiteres Pony + 10 Euro<\/li>\n<\/ul>\n<\/div>\n<div><\/div>\n<p>Jeder Reitsch\u00fcler muss nach 4 Probestunden, die einzeln abgerechnet werden, Mitglied im Verein werden. Details werden vertraglich geregelt.<\/p>\n<h2 style=\"text-align: center;\"><strong>Unsere Schulpferde<\/strong><\/h2>\n<div id=\"id4\" class=\"style_SkipStroke_2 shape-with-text\">\n<div class=\"text-content graphic_textbox_layout_style_default_External_484_737\">\n<div class=\"graphic_textbox_layout_style_default\">\n<p class=\"paragraph_style_1\">Derzeit stehen uns 8 Pferde bzw. Ponys f\u00fcr den Schulbetrieb zur Verf\u00fcgung. Jedes zeigt dabei seinen einzigartigen Charakter, der je nach Ausbildungsstand des Reiters auch den unterschiedlichen Anspr\u00fcchen gerecht wird. Die Schulpferde sind gr\u00f6\u00dftenteils in Vereinsbesitz oder werden f\u00fcr die Unterrichtszeiten angepachtet.<\/p>\n<p class=\"paragraph_style_1\">Jedes Pferd hat in seiner \u201eFreizeit\u201c au\u00dferhalb des Schulbetriebs seine feste Bezugsperson (Besitzer oder Halbpacht), welche die Betreuung \u00fcbernimmt und f\u00fcr Ausgleich sorgt.<\/p>\n<p class=\"paragraph_style_1\">Die Schulpferde genie\u00dfen auch regelm\u00e4\u00dfig Koppelgang auf unserer Reitanlage.<\/p>\n<p class=\"paragraph_style_1\">Selbstverst\u00e4ndlich werden unsere Pferde regelm\u00e4\u00dfig dem Hufschmied und bei Bedarf dem Tierarzt vorgestellt.<\/p>\n<p style=\"text-align: center;\"><strong>Ayla<\/strong><\/p>\n<p><img decoding=\"async\" loading=\"lazy\" class=\"alignnone size-medium wp-image-298\" src=\"https:\/\/rfv-koenen.de\/wp-content\/uploads\/2018\/06\/Ayla-300x200.jpg\" alt=\"\" width=\"300\" height=\"200\" srcset=\"https:\/\/rfv-koenen.de\/wp-content\/uploads\/2018\/06\/Ayla-300x200.jpg 300w, https:\/\/rfv-koenen.de\/wp-content\/uploads\/2018\/06\/Ayla-768x512.jpg 768w, https:\/\/rfv-koenen.de\/wp-content\/uploads\/2018\/06\/Ayla-1024x682.jpg 1024w, https:\/\/rfv-koenen.de\/wp-content\/uploads\/2018\/06\/Ayla.jpg 1600w\" sizes=\"(max-width: 300px) 100vw, 300px\" \/> <img decoding=\"async\" loading=\"lazy\" class=\"alignnone size-medium wp-image-299\" src=\"https:\/\/rfv-koenen.de\/wp-content\/uploads\/2018\/06\/Ayla2-300x200.jpg\" alt=\"\" width=\"300\" height=\"200\" srcset=\"https:\/\/rfv-koenen.de\/wp-content\/uploads\/2018\/06\/Ayla2-300x200.jpg 300w, https:\/\/rfv-koenen.de\/wp-content\/uploads\/2018\/06\/Ayla2-768x512.jpg 768w, https:\/\/rfv-koenen.de\/wp-content\/uploads\/2018\/06\/Ayla2-1024x682.jpg 1024w, https:\/\/rfv-koenen.de\/wp-content\/uploads\/2018\/06\/Ayla2.jpg 1600w\" sizes=\"(max-width: 300px) 100vw, 300px\" \/><\/p>\n<p style=\"text-align: center;\"><strong>Lancelot<\/strong><\/p>\n<p><img decoding=\"async\" loading=\"lazy\" class=\"alignnone size-medium wp-image-302\" src=\"https:\/\/rfv-koenen.de\/wp-content\/uploads\/2018\/06\/Lancelot-300x200.jpg\" alt=\"\" width=\"300\" height=\"200\" srcset=\"https:\/\/rfv-koenen.de\/wp-content\/uploads\/2018\/06\/Lancelot-300x200.jpg 300w, https:\/\/rfv-koenen.de\/wp-content\/uploads\/2018\/06\/Lancelot-768x512.jpg 768w, https:\/\/rfv-koenen.de\/wp-content\/uploads\/2018\/06\/Lancelot-1024x682.jpg 1024w, https:\/\/rfv-koenen.de\/wp-content\/uploads\/2018\/06\/Lancelot.jpg 1600w\" sizes=\"(max-width: 300px) 100vw, 300px\" \/> <img decoding=\"async\" loading=\"lazy\" class=\"alignnone size-medium wp-image-303\" src=\"https:\/\/rfv-koenen.de\/wp-content\/uploads\/2018\/06\/Lancelot2-300x200.jpg\" alt=\"\" width=\"300\" height=\"200\" srcset=\"https:\/\/rfv-koenen.de\/wp-content\/uploads\/2018\/06\/Lancelot2-300x200.jpg 300w, https:\/\/rfv-koenen.de\/wp-content\/uploads\/2018\/06\/Lancelot2-768x512.jpg 768w, https:\/\/rfv-koenen.de\/wp-content\/uploads\/2018\/06\/Lancelot2-1024x682.jpg 1024w, https:\/\/rfv-koenen.de\/wp-content\/uploads\/2018\/06\/Lancelot2.jpg 1600w\" sizes=\"(max-width: 300px) 100vw, 300px\" \/><\/p>\n<p style=\"text-align: center;\"><strong>Larino<\/strong><\/p>\n<p><img decoding=\"async\" loading=\"lazy\" class=\"alignnone size-medium wp-image-305\" src=\"https:\/\/rfv-koenen.de\/wp-content\/uploads\/2018\/06\/Larino2-300x200.jpg\" alt=\"\" width=\"300\" height=\"200\" srcset=\"https:\/\/rfv-koenen.de\/wp-content\/uploads\/2018\/06\/Larino2-300x200.jpg 300w, https:\/\/rfv-koenen.de\/wp-content\/uploads\/2018\/06\/Larino2-768x512.jpg 768w, https:\/\/rfv-koenen.de\/wp-content\/uploads\/2018\/06\/Larino2-1024x682.jpg 1024w, https:\/\/rfv-koenen.de\/wp-content\/uploads\/2018\/06\/Larino2.jpg 1600w\" sizes=\"(max-width: 300px) 100vw, 300px\" \/><img decoding=\"async\" loading=\"lazy\" class=\"alignnone size-medium wp-image-304\" src=\"https:\/\/rfv-koenen.de\/wp-content\/uploads\/2018\/06\/Larino-200x300.jpg\" alt=\"\" width=\"200\" height=\"300\" srcset=\"https:\/\/rfv-koenen.de\/wp-content\/uploads\/2018\/06\/Larino-200x300.jpg 200w, https:\/\/rfv-koenen.de\/wp-content\/uploads\/2018\/06\/Larino-768x1153.jpg 768w, https:\/\/rfv-koenen.de\/wp-content\/uploads\/2018\/06\/Larino-682x1024.jpg 682w, https:\/\/rfv-koenen.de\/wp-content\/uploads\/2018\/06\/Larino.jpg 1066w\" sizes=\"(max-width: 200px) 100vw, 200px\" \/><\/p>\n<p style=\"text-align: center;\"><strong>Paprika<\/strong><\/p>\n<p><img decoding=\"async\" loading=\"lazy\" class=\"alignnone size-medium wp-image-306\" src=\"https:\/\/rfv-koenen.de\/wp-content\/uploads\/2018\/06\/Paprika-300x239.jpg\" alt=\"\" width=\"300\" height=\"239\" srcset=\"https:\/\/rfv-koenen.de\/wp-content\/uploads\/2018\/06\/Paprika-300x239.jpg 300w, https:\/\/rfv-koenen.de\/wp-content\/uploads\/2018\/06\/Paprika-768x611.jpg 768w, https:\/\/rfv-koenen.de\/wp-content\/uploads\/2018\/06\/Paprika-1024x815.jpg 1024w, https:\/\/rfv-koenen.de\/wp-content\/uploads\/2018\/06\/Paprika.jpg 1357w\" sizes=\"(max-width: 300px) 100vw, 300px\" \/> <img decoding=\"async\" loading=\"lazy\" class=\"alignnone size-medium wp-image-307\" src=\"https:\/\/rfv-koenen.de\/wp-content\/uploads\/2018\/06\/Paprika2-300x221.jpg\" alt=\"\" width=\"300\" height=\"221\" srcset=\"https:\/\/rfv-koenen.de\/wp-content\/uploads\/2018\/06\/Paprika2-300x221.jpg 300w, https:\/\/rfv-koenen.de\/wp-content\/uploads\/2018\/06\/Paprika2-768x566.jpg 768w, https:\/\/rfv-koenen.de\/wp-content\/uploads\/2018\/06\/Paprika2-1024x754.jpg 1024w, https:\/\/rfv-koenen.de\/wp-content\/uploads\/2018\/06\/Paprika2.jpg 1466w\" sizes=\"(max-width: 300px) 100vw, 300px\" \/><\/p>\n<p style=\"text-align: center;\"><strong>Rania<\/strong><\/p>\n<p><img decoding=\"async\" loading=\"lazy\" class=\"alignnone size-medium wp-image-308\" src=\"https:\/\/rfv-koenen.de\/wp-content\/uploads\/2018\/06\/Rania-300x200.jpg\" alt=\"\" width=\"300\" height=\"200\" srcset=\"https:\/\/rfv-koenen.de\/wp-content\/uploads\/2018\/06\/Rania-300x200.jpg 300w, https:\/\/rfv-koenen.de\/wp-content\/uploads\/2018\/06\/Rania-768x512.jpg 768w, https:\/\/rfv-koenen.de\/wp-content\/uploads\/2018\/06\/Rania-1024x682.jpg 1024w, https:\/\/rfv-koenen.de\/wp-content\/uploads\/2018\/06\/Rania.jpg 1600w\" sizes=\"(max-width: 300px) 100vw, 300px\" \/> <img decoding=\"async\" loading=\"lazy\" class=\"alignnone size-medium wp-image-309\" src=\"https:\/\/rfv-koenen.de\/wp-content\/uploads\/2018\/06\/Rania2-200x300.jpg\" alt=\"\" width=\"200\" height=\"300\" srcset=\"https:\/\/rfv-koenen.de\/wp-content\/uploads\/2018\/06\/Rania2-200x300.jpg 200w, https:\/\/rfv-koenen.de\/wp-content\/uploads\/2018\/06\/Rania2-768x1153.jpg 768w, https:\/\/rfv-koenen.de\/wp-content\/uploads\/2018\/06\/Rania2-682x1024.jpg 682w, https:\/\/rfv-koenen.de\/wp-content\/uploads\/2018\/06\/Rania2.jpg 1066w\" sizes=\"(max-width: 200px) 100vw, 200px\" \/><\/p>\n<p style=\"text-align: center;\"><strong>Ronja<\/strong><\/p>\n<p><img decoding=\"async\" loading=\"lazy\" class=\"alignnone size-medium wp-image-310\" src=\"https:\/\/rfv-koenen.de\/wp-content\/uploads\/2018\/06\/Ronja-300x295.jpg\" alt=\"\" width=\"300\" height=\"295\" srcset=\"https:\/\/rfv-koenen.de\/wp-content\/uploads\/2018\/06\/Ronja-300x295.jpg 300w, https:\/\/rfv-koenen.de\/wp-content\/uploads\/2018\/06\/Ronja-768x755.jpg 768w, https:\/\/rfv-koenen.de\/wp-content\/uploads\/2018\/06\/Ronja-1024x1006.jpg 1024w, https:\/\/rfv-koenen.de\/wp-content\/uploads\/2018\/06\/Ronja.jpg 1045w\" sizes=\"(max-width: 300px) 100vw, 300px\" \/> <img decoding=\"async\" loading=\"lazy\" class=\"alignnone size-medium wp-image-311\" src=\"https:\/\/rfv-koenen.de\/wp-content\/uploads\/2018\/06\/Ronja2-300x200.jpg\" alt=\"\" width=\"300\" height=\"200\" srcset=\"https:\/\/rfv-koenen.de\/wp-content\/uploads\/2018\/06\/Ronja2-300x200.jpg 300w, https:\/\/rfv-koenen.de\/wp-content\/uploads\/2018\/06\/Ronja2-768x512.jpg 768w, https:\/\/rfv-koenen.de\/wp-content\/uploads\/2018\/06\/Ronja2-1024x682.jpg 1024w, https:\/\/rfv-koenen.de\/wp-content\/uploads\/2018\/06\/Ronja2.jpg 1600w\" sizes=\"(max-width: 300px) 100vw, 300px\" \/><\/p>\n<p style=\"text-align: center;\"><strong>Merlin<\/strong><\/p>\n<p><img decoding=\"async\" loading=\"lazy\" class=\"alignnone size-medium wp-image-327\" src=\"https:\/\/rfv-koenen.de\/wp-content\/uploads\/2018\/06\/IMG-20180610-WA0008-300x200.jpg\" alt=\"\" width=\"300\" height=\"200\" srcset=\"https:\/\/rfv-koenen.de\/wp-content\/uploads\/2018\/06\/IMG-20180610-WA0008-300x200.jpg 300w, https:\/\/rfv-koenen.de\/wp-content\/uploads\/2018\/06\/IMG-20180610-WA0008-768x512.jpg 768w, https:\/\/rfv-koenen.de\/wp-content\/uploads\/2018\/06\/IMG-20180610-WA0008-1024x682.jpg 1024w, https:\/\/rfv-koenen.de\/wp-content\/uploads\/2018\/06\/IMG-20180610-WA0008.jpg 1600w\" sizes=\"(max-width: 300px) 100vw, 300px\" \/> <img decoding=\"async\" loading=\"lazy\" class=\"alignnone size-medium wp-image-326\" src=\"https:\/\/rfv-koenen.de\/wp-content\/uploads\/2018\/06\/IMG-20180610-WA0007-300x200.jpg\" alt=\"\" width=\"300\" height=\"200\" srcset=\"https:\/\/rfv-koenen.de\/wp-content\/uploads\/2018\/06\/IMG-20180610-WA0007-300x200.jpg 300w, https:\/\/rfv-koenen.de\/wp-content\/uploads\/2018\/06\/IMG-20180610-WA0007-768x512.jpg 768w, https:\/\/rfv-koenen.de\/wp-content\/uploads\/2018\/06\/IMG-20180610-WA0007-1024x682.jpg 1024w, https:\/\/rfv-koenen.de\/wp-content\/uploads\/2018\/06\/IMG-20180610-WA0007.jpg 1600w\" sizes=\"(max-width: 300px) 100vw, 300px\" \/><\/p>\n<p style=\"text-align: center;\"><strong>Unsere neuen Ponys:\u00a0 Felicity, Donja und Farola<br \/>\n<\/strong><\/p>\n<p><img decoding=\"async\" loading=\"lazy\" class=\"alignnone size-medium wp-image-385\" src=\"https:\/\/rfv-koenen.de\/wp-content\/uploads\/2018\/12\/Shetty-Gruppe-Reitverein-K\u00f6nen-300x200.jpg\" alt=\"\" width=\"300\" height=\"200\" srcset=\"https:\/\/rfv-koenen.de\/wp-content\/uploads\/2018\/12\/Shetty-Gruppe-Reitverein-K\u00f6nen-300x200.jpg 300w, https:\/\/rfv-koenen.de\/wp-content\/uploads\/2018\/12\/Shetty-Gruppe-Reitverein-K\u00f6nen-768x512.jpg 768w, https:\/\/rfv-koenen.de\/wp-content\/uploads\/2018\/12\/Shetty-Gruppe-Reitverein-K\u00f6nen-1024x682.jpg 1024w, https:\/\/rfv-koenen.de\/wp-content\/uploads\/2018\/12\/Shetty-Gruppe-Reitverein-K\u00f6nen.jpg 1600w\" sizes=\"(max-width: 300px) 100vw, 300px\" \/><img decoding=\"async\" loading=\"lazy\" class=\"alignnone size-medium wp-image-386\" src=\"https:\/\/rfv-koenen.de\/wp-content\/uploads\/2018\/12\/Shetty-Gruppe-Reitverein-K\u00f6nen2-300x200.jpg\" alt=\"\" width=\"300\" height=\"200\" srcset=\"https:\/\/rfv-koenen.de\/wp-content\/uploads\/2018\/12\/Shetty-Gruppe-Reitverein-K\u00f6nen2-300x200.jpg 300w, https:\/\/rfv-koenen.de\/wp-content\/uploads\/2018\/12\/Shetty-Gruppe-Reitverein-K\u00f6nen2-768x512.jpg 768w, https:\/\/rfv-koenen.de\/wp-content\/uploads\/2018\/12\/Shetty-Gruppe-Reitverein-K\u00f6nen2-1024x682.jpg 1024w, https:\/\/rfv-koenen.de\/wp-content\/uploads\/2018\/12\/Shetty-Gruppe-Reitverein-K\u00f6nen2.jpg 1600w\" sizes=\"(max-width: 300px) 100vw, 300px\" \/> <img decoding=\"async\" loading=\"lazy\" class=\"alignnone size-medium wp-image-387\" src=\"https:\/\/rfv-koenen.de\/wp-content\/uploads\/2018\/12\/Shetty-Reitverein-K\u00f6nen-2-200x300.jpg\" alt=\"\" width=\"200\" height=\"300\" srcset=\"https:\/\/rfv-koenen.de\/wp-content\/uploads\/2018\/12\/Shetty-Reitverein-K\u00f6nen-2-200x300.jpg 200w, https:\/\/rfv-koenen.de\/wp-content\/uploads\/2018\/12\/Shetty-Reitverein-K\u00f6nen-2-768x1153.jpg 768w, https:\/\/rfv-koenen.de\/wp-content\/uploads\/2018\/12\/Shetty-Reitverein-K\u00f6nen-2-682x1024.jpg 682w, https:\/\/rfv-koenen.de\/wp-content\/uploads\/2018\/12\/Shetty-Reitverein-K\u00f6nen-2.jpg 1066w\" sizes=\"(max-width: 200px) 100vw, 200px\" \/> <img decoding=\"async\" loading=\"lazy\" class=\"alignnone size-medium wp-image-388\" src=\"https:\/\/rfv-koenen.de\/wp-content\/uploads\/2018\/12\/Shetty-Reitverein-K\u00f6nen-300x200.jpg\" alt=\"\" width=\"300\" height=\"200\" srcset=\"https:\/\/rfv-koenen.de\/wp-content\/uploads\/2018\/12\/Shetty-Reitverein-K\u00f6nen-300x200.jpg 300w, https:\/\/rfv-koenen.de\/wp-content\/uploads\/2018\/12\/Shetty-Reitverein-K\u00f6nen-768x512.jpg 768w, https:\/\/rfv-koenen.de\/wp-content\/uploads\/2018\/12\/Shetty-Reitverein-K\u00f6nen-1024x682.jpg 1024w, https:\/\/rfv-koenen.de\/wp-content\/uploads\/2018\/12\/Shetty-Reitverein-K\u00f6nen.jpg 1600w\" sizes=\"(max-width: 300px) 100vw, 300px\" \/><\/p>\n<\/div>\n<\/div>\n<\/div>\n","protected":false},"excerpt":{"rendered":"<p>Reitunterricht in K\u00f6nen Wir bieten Reitunterricht f\u00fcr Einsteiger, Fortgeschrittene und Wiedereinsteiger auf Ponys und Pferden an. Derzeit stehen uns 8 Schulpferde\/Ponys zur Verf\u00fcgung. Es k\u00f6nnen Einzel-, Gruppen- und Longenstunden erteilt werden. F\u00fcr unsere kleinsten Pferdenarren (ab 6 Jahren) findet eine Spielgruppe statt, in der sie das Reiten auf spielerische Art und Weise entdecken k\u00f6nnen.\u00a0 Zu &hellip; <\/p>\n<p class=\"link-more\"><a href=\"https:\/\/rfv-koenen.de\/?page_id=56\" class=\"more-link\"><span class=\"screen-reader-text\">\u201eReitunterricht &#8211; alt\u201c<\/span> weiterlesen<\/a><\/p>\n","protected":false},"author":1,"featured_media":0,"parent":0,"menu_order":0,"comment_status":"closed","ping_status":"closed","template":"","meta":[],"_links":{"self":[{"href":"https:\/\/rfv-koenen.de\/index.php?rest_route=\/wp\/v2\/pages\/56"}],"collection":[{"href":"https:\/\/rfv-koenen.de\/index.php?rest_route=\/wp\/v2\/pages"}],"about":[{"href":"https:\/\/rfv-koenen.de\/index.php?rest_route=\/wp\/v2\/types\/page"}],"author":[{"embeddable":true,"href":"https:\/\/rfv-koenen.de\/index.php?rest_route=\/wp\/v2\/users\/1"}],"replies":[{"embeddable":true,"href":"https:\/\/rfv-koenen.de\/index.php?rest_route=%2Fwp%2Fv2%2Fcomments&post=56"}],"version-history":[{"count":41,"href":"https:\/\/rfv-koenen.de\/index.php?rest_route=\/wp\/v2\/pages\/56\/revisions"}],"predecessor-version":[{"id":480,"href":"https:\/\/rfv-koenen.de\/index.php?rest_route=\/wp\/v2\/pages\/56\/revisions\/480"}],"wp:attachment":[{"href":"https:\/\/rfv-koenen.de\/index.php?rest_route=%2Fwp%2Fv2%2Fmedia&parent=56"}],"curies":[{"name":"wp","href":"https:\/\/api.w.org\/{rel}","templated":true}]}}