{"id":58,"date":"2018-02-16T15:32:29","date_gmt":"2018-02-16T15:32:29","guid":{"rendered":"http:\/\/wordpresstest.rfv-koenen.com\/?page_id=58"},"modified":"2026-04-16T15:04:51","modified_gmt":"2026-04-16T13:04:51","slug":"kontakt","status":"publish","type":"page","link":"https:\/\/rfv-koenen.de\/?page_id=58","title":{"rendered":"Kontakt"},"content":{"rendered":"\n<h2 class=\"wp-block-heading\">Kontakt<\/h2>\n\n\n\n<p class=\"has-text-align-left graphic_textbox_layout_style_default\"><span class=\"style\"><br><\/span><strong>Anschrift<br><\/strong>RFV St. Georg K\u00f6nen e. V.<br>Reinigerstra\u00dfe 57<br>54329 Konz-K\u00f6nen<\/p>\n\n\n\n<p class=\"style_SkipStroke_2 shape-with-text\" id=\"id3\"><strong>Gesch\u00e4ftsf\u00fchrerin und 2. Vorsitzende des Vereins<br><\/strong>Katrin Kellendonk<br>katrin.kellendonk@t-online.de<span class=\"style_1\"><br><\/span>Tel. 0175 6046681<\/p>\n\n\n\n<p><strong>Ansprechpartnerin Reitstunden<br><\/strong>Kim Stege<br>Tel. 0160 5533025<\/p>\n\n\n\n<p><strong>Ansprechpartner f\u00fcr Stallangelegenheiten<br><\/strong>Hans-Erwin M\u00fcller<br>Tel. 0175 1534587<\/p>\n\n\n\n<div style=\"height:7px\" aria-hidden=\"true\" id=\"kontaktformular\" class=\"wp-block-spacer\"><\/div>\n\n\n<div class=\"forminator-ui forminator-custom-form forminator-custom-form-1576 forminator-design--default  forminator_ajax\" data-forminator-render=\"0\" data-form=\"forminator-module-1576\" data-uid=\"69eb6f59376bb\"><br\/><\/div><form\n\t\t\t\tid=\"forminator-module-1576\"\n\t\t\t\tclass=\"forminator-ui forminator-custom-form forminator-custom-form-1576 forminator-design--default  forminator_ajax\"\n\t\t\t\tmethod=\"post\"\n\t\t\t\tdata-forminator-render=\"0\"\n\t\t\t\tdata-form-id=\"1576\"\n\t\t\t\t data-color-option=\"theme\" data-design=\"default\" data-grid=\"open\" style=\"display: none;\"\n\t\t\t\tdata-uid=\"69eb6f59376bb\"\n\t\t\t><div role=\"alert\" aria-live=\"polite\" class=\"forminator-response-message forminator-error\" aria-hidden=\"true\"><\/div><div class=\"forminator-row\"><div id=\"html-1\" class=\"forminator-field-html forminator-col forminator-col-12  .perso-title\"><div class=\"forminator-field forminator-merge-tags\" data-field=\"html-1\"><p><span style=\"font-size: 150%\"><strong>Kontaktformular: Reitunterricht<\/strong><\/span><\/p>\n<p>Der Reit- und Fahrverein St. Georg K\u00f6nen e.V. bietet qualifizierten Unterricht f\u00fcr alle Pferdebegeisterte von Anf\u00e4nger bis Fortgeschrittene an. Kinder, Erwachsene sowie Wiedereinsteiger sind bei uns herzlich willkommen!<\/p>\n<p>Sollten wir Ihr Interesse geweckt habe, f\u00fcllen Sie hierzu bitte das folgende Kontaktformular aus. Wir melden uns schnellstm\u00f6glich bei Ihnen zur\u00fcck.<\/p>\n<p><strong>Wichtiger Hinweis: F\u00fcr den Longen-Unterricht besteht eine l\u00e4ngere Warteliste.<\/strong><\/p>\n<p style=\"font-size: 80%\">(Mit<span style=\"color: red\"> *<\/span> gezeichnete Felder sind Pflichtfelder)<\/p><\/div><\/div><\/div><div class=\"forminator-row\"><div id=\"checkbox-1\" class=\"forminator-field-checkbox forminator-col forminator-col-12 \"><div role=\"group\" class=\"forminator-field required\" aria-labelledby=\"forminator-checkbox-group-forminator-field-checkbox-1-69eb6f59376bb-label\"><span id=\"forminator-checkbox-group-forminator-field-checkbox-1-69eb6f59376bb-label\" class=\"forminator-label\">Interessenbekundung <span class=\"forminator-required\">*<\/span><\/span><label id=\"forminator-field-checkbox-1-1-69eb6f59376bb-label\" for=\"forminator-field-checkbox-1-1-69eb6f59376bb\" class=\"forminator-checkbox\" title=\"Ich interessiere mich f\u00fcr mein Kind\"><input type=\"checkbox\" name=\"checkbox-1[]\" value=\"one\" id=\"forminator-field-checkbox-1-1-69eb6f59376bb\" aria-labelledby=\"forminator-field-checkbox-1-1-69eb6f59376bb-label\" data-calculation=\"0\"   data-hidden-behavior=\"zero\"\/><span class=\"forminator-checkbox-box\" aria-hidden=\"true\"><\/span><span class=\"forminator-checkbox-label\">Ich interessiere mich f\u00fcr mein Kind<\/span><\/label><label id=\"forminator-field-checkbox-1-2-69eb6f59376bb-label\" for=\"forminator-field-checkbox-1-2-69eb6f59376bb\" class=\"forminator-checkbox\" title=\"Ich interessiere mich f\u00fcr mich selbst\"><input type=\"checkbox\" name=\"checkbox-1[]\" value=\"two\" id=\"forminator-field-checkbox-1-2-69eb6f59376bb\" aria-labelledby=\"forminator-field-checkbox-1-2-69eb6f59376bb-label\" data-calculation=\"0\"   data-hidden-behavior=\"zero\"\/><span class=\"forminator-checkbox-box\" aria-hidden=\"true\"><\/span><span class=\"forminator-checkbox-label\">Ich interessiere mich f\u00fcr mich selbst<\/span><\/label><\/div><\/div><\/div><div class=\"forminator-row\"><div id=\"group-2\" class=\"forminator-field-group forminator-col forminator-col-12 \"><label class=\"forminator-label forminator-repeater-label\">Ihre Kontaktdaten<\/label><div class=\"forminator-all-group-copies forminator-repeater-field\"><div class=\"forminator-grouped-fields\" data-options=\"{&quot;is_repeater&quot;:false,&quot;min_type&quot;:&quot;custom&quot;,&quot;max_type&quot;:&quot;custom&quot;,&quot;min&quot;:1,&quot;max&quot;:9223372036854775807,&quot;add_text&quot;:&quot;Element hinzuf\\u00fcgen&quot;,&quot;remove_text&quot;:&quot;Element entfernen&quot;,&quot;action_element_type&quot;:&quot;button&quot;}\"><div class=\"forminator-row\"><div id=\"name-1\" class=\"forminator-field-name forminator-col forminator-col-12 \"><div class=\"forminator-field\"><label for=\"forminator-field-name-1_69eb6f59376bb\" id=\"forminator-field-name-1_69eb6f59376bb-label\" class=\"forminator-label\">Ihr Vor- und Nachname <span class=\"forminator-required\">*<\/span><\/label><input type=\"text\" name=\"name-1\" value=\"\" placeholder=\"\" id=\"forminator-field-name-1_69eb6f59376bb\" class=\"forminator-input forminator-name--field\" aria-required=\"true\" autocomplete=\"name\" \/><\/div><\/div><\/div><div class=\"forminator-row\"><div id=\"phone-1\" class=\"forminator-field-phone forminator-col forminator-col-12 \"><div class=\"forminator-field\"><label for=\"forminator-field-phone-1_69eb6f59376bb\" id=\"forminator-field-phone-1_69eb6f59376bb-label\" class=\"forminator-label\">Ihre Telefonnummer<\/label><input type=\"text\" name=\"phone-1\" value=\"\" placeholder=\"\" id=\"forminator-field-phone-1_69eb6f59376bb\" class=\"forminator-input forminator-field--phone\" data-required=\"\" aria-required=\"false\" autocomplete=\"off\" \/><\/div><\/div><\/div><div class=\"forminator-row\"><div id=\"email-1\" class=\"forminator-field-email forminator-col forminator-col-12 \"><div class=\"forminator-field\"><label for=\"forminator-field-email-1_69eb6f59376bb\" id=\"forminator-field-email-1_69eb6f59376bb-label\" class=\"forminator-label\">Ihre Email-Adresse <span class=\"forminator-required\">*<\/span><\/label><input type=\"email\" name=\"email-1\" value=\"\" placeholder=\"\" id=\"forminator-field-email-1_69eb6f59376bb\" class=\"forminator-input forminator-email--field\" data-required=\"true\" aria-required=\"true\" autocomplete=\"email\" \/><\/div><\/div><\/div><\/div><\/div><\/div><\/div><div class=\"forminator-row\"><div id=\"group-1\" class=\"forminator-field-group forminator-col forminator-col-12 \"><label class=\"forminator-label forminator-repeater-label\">Angaben zum Reitsch\u00fcler\/zur Reitsch\u00fclerin<\/label><span class=\"forminator-description forminator-repeater-description\">(dient zur Einplanung und Auslastung der Schulpferde)<\/span><div class=\"forminator-all-group-copies forminator-repeater-field\"><div class=\"forminator-grouped-fields\" data-options=\"{&quot;is_repeater&quot;:false,&quot;min_type&quot;:&quot;custom&quot;,&quot;max_type&quot;:&quot;custom&quot;,&quot;min&quot;:1,&quot;max&quot;:9223372036854775807,&quot;add_text&quot;:&quot;Element hinzuf\\u00fcgen&quot;,&quot;remove_text&quot;:&quot;Element entfernen&quot;,&quot;action_element_type&quot;:&quot;button&quot;}\"><div class=\"forminator-row\"><div id=\"text-1\" class=\"forminator-field-text forminator-col forminator-col-12 \"><div class=\"forminator-field\"><label for=\"forminator-field-text-1_69eb6f59376bb\" id=\"forminator-field-text-1_69eb6f59376bb-label\" class=\"forminator-label\">Vor- und Nachname<\/label><input type=\"text\" name=\"text-1\" value=\"\" placeholder=\"\" id=\"forminator-field-text-1_69eb6f59376bb\" class=\"forminator-input forminator-name--field\" data-required=\"\" \/><\/div><\/div><\/div><div class=\"forminator-row\"><div id=\"date-1\" class=\"forminator-field-date forminator-col forminator-col-12 \"><div class=\"forminator-field\"><label for=\"forminator-field-date-1-picker_69eb6f59376bb\" id=\"forminator-field-date-1-picker_69eb6f59376bb-label\" class=\"forminator-label\">Geburtsdatum <span class=\"forminator-required\">*<\/span><\/label><div class=\"forminator-input-with-icon\"><span class=\"forminator-icon-calendar\" aria-hidden=\"true\"><\/span><input autocomplete=\"off\" type=\"text\" size=\"1\" name=\"date-1\" value=\"\" placeholder=\"Datum w\u00e4hlen\" id=\"forminator-field-date-1-picker_69eb6f59376bb\" class=\"forminator-input forminator-datepicker\" data-required=\"1\" data-format=\"mm\/dd\/yy\" data-restrict-type=\"\" data-restrict=\"\" data-start-year=\"1926\" data-end-year=\"2126\" data-past-dates=\"enable\" data-start-of-week=\"1\" data-start-date=\"\" data-end-date=\"\" data-start-field=\"\" data-end-field=\"\" data-start-offset=\"\" data-end-offset=\"\" data-disable-date=\"\" data-disable-range=\"\" \/><\/div><\/div><\/div><\/div><div class=\"forminator-row\"><div id=\"text-2\" class=\"forminator-field-text forminator-col forminator-col-12 \"><div class=\"forminator-field\"><label for=\"forminator-field-text-2_69eb6f59376bb\" id=\"forminator-field-text-2_69eb6f59376bb-label\" class=\"forminator-label\">ungef\u00e4hre K\u00f6rpergr\u00f6\u00dfe in cm<\/label><input type=\"text\" name=\"text-2\" value=\"\" placeholder=\"\" id=\"forminator-field-text-2_69eb6f59376bb\" class=\"forminator-input forminator-name--field\" data-required=\"\" \/><\/div><\/div><\/div><div class=\"forminator-row\"><div id=\"text-3\" class=\"forminator-field-text forminator-col forminator-col-12 \"><div class=\"forminator-field\"><label for=\"forminator-field-text-3_69eb6f59376bb\" id=\"forminator-field-text-3_69eb6f59376bb-label\" class=\"forminator-label\">ungef\u00e4hres K\u00f6rpergewicht in kg<\/label><input type=\"text\" name=\"text-3\" value=\"\" placeholder=\"\" id=\"forminator-field-text-3_69eb6f59376bb\" class=\"forminator-input forminator-name--field\" data-required=\"\" \/><\/div><\/div><\/div><div class=\"forminator-row\"><div id=\"checkbox-2\" class=\"forminator-field-checkbox forminator-col forminator-col-12 \"><div role=\"group\" class=\"forminator-field required\" aria-labelledby=\"forminator-checkbox-group-forminator-field-checkbox-2-69eb6f59376bb-label\"><span id=\"forminator-checkbox-group-forminator-field-checkbox-2-69eb6f59376bb-label\" class=\"forminator-label\">eigene Einsch\u00e4tzung der Reiterfahrung: <span class=\"forminator-required\">*<\/span><\/span><label id=\"forminator-field-checkbox-2-1-69eb6f59376bb-label\" for=\"forminator-field-checkbox-2-1-69eb6f59376bb\" class=\"forminator-checkbox\" title=\"keine Pferdeerfahrung\"><input type=\"checkbox\" name=\"checkbox-2[]\" value=\"one\" id=\"forminator-field-checkbox-2-1-69eb6f59376bb\" aria-labelledby=\"forminator-field-checkbox-2-1-69eb6f59376bb-label\" data-calculation=\"0\"   data-hidden-behavior=\"zero\"\/><span class=\"forminator-checkbox-box\" aria-hidden=\"true\"><\/span><span class=\"forminator-checkbox-label\">keine Pferdeerfahrung<\/span><\/label><label id=\"forminator-field-checkbox-2-2-69eb6f59376bb-label\" for=\"forminator-field-checkbox-2-2-69eb6f59376bb\" class=\"forminator-checkbox\" title=\"Reitanf\u00e4nger\/-in\"><input type=\"checkbox\" name=\"checkbox-2[]\" value=\"two\" id=\"forminator-field-checkbox-2-2-69eb6f59376bb\" aria-labelledby=\"forminator-field-checkbox-2-2-69eb6f59376bb-label\" data-calculation=\"0\"   data-hidden-behavior=\"zero\"\/><span class=\"forminator-checkbox-box\" aria-hidden=\"true\"><\/span><span class=\"forminator-checkbox-label\">Reitanf\u00e4nger\/-in<\/span><\/label><label id=\"forminator-field-checkbox-2-3-69eb6f59376bb-label\" for=\"forminator-field-checkbox-2-3-69eb6f59376bb\" class=\"forminator-checkbox\" title=\"Fortgeschritten\"><input type=\"checkbox\" name=\"checkbox-2[]\" value=\"Fortgeschritten\" id=\"forminator-field-checkbox-2-3-69eb6f59376bb\" aria-labelledby=\"forminator-field-checkbox-2-3-69eb6f59376bb-label\" data-calculation=\"0\"   data-hidden-behavior=\"zero\"\/><span class=\"forminator-checkbox-box\" aria-hidden=\"true\"><\/span><span class=\"forminator-checkbox-label\">Fortgeschritten<\/span><\/label><label id=\"forminator-field-checkbox-2-4-69eb6f59376bb-label\" for=\"forminator-field-checkbox-2-4-69eb6f59376bb\" class=\"forminator-checkbox\" title=\"Reiterfahrung (&gt; 7 Jahre)\"><input type=\"checkbox\" name=\"checkbox-2[]\" value=\"Reiterfahrung-(&gt;-7-Jahre)\" id=\"forminator-field-checkbox-2-4-69eb6f59376bb\" aria-labelledby=\"forminator-field-checkbox-2-4-69eb6f59376bb-label\" data-calculation=\"0\"   data-hidden-behavior=\"zero\"\/><span class=\"forminator-checkbox-box\" aria-hidden=\"true\"><\/span><span class=\"forminator-checkbox-label\">Reiterfahrung (&gt; 7 Jahre)<\/span><\/label><\/div><\/div><\/div><\/div><\/div><\/div><\/div><div class=\"forminator-row\"><div id=\"textarea-1\" class=\"forminator-field-textarea forminator-col forminator-col-12 \"><div class=\"forminator-field\"><label for=\"forminator-field-textarea-1_69eb6f59376bb\" id=\"forminator-field-textarea-1_69eb6f59376bb-label\" class=\"forminator-label\">Ihre Nachricht (optional)<\/label><span id=\"forminator-field-textarea-1_69eb6f59376bb-description\" class=\"forminator-description\"><span data-limit=\"180\" data-type=\"characters\" data-editor=\"\">0 \/ 180<\/span><\/span><textarea name=\"textarea-1\" placeholder=\"\" id=\"forminator-field-textarea-1_69eb6f59376bb\" class=\"forminator-textarea\" rows=\"6\" style=\"min-height:140px;\" maxlength=\"180\" ><\/textarea><\/div><\/div><\/div><div class=\"forminator-row\"><div id=\"consent-1\" class=\"forminator-field-consent forminator-col forminator-col-12 \"><div class=\"forminator-field\"><label for=\"forminator-field-consent-1_69eb6f59376bb\" id=\"forminator-field-consent-1_69eb6f59376bb-label\" class=\"forminator-label\">Einwilligung <span class=\"forminator-required\">*<\/span><\/label><div class=\"forminator-checkbox__wrapper\"><label id=\"forminator-field-consent-1_69eb6f59376bb__label\" class=\"forminator-checkbox forminator-consent\"><input type=\"checkbox\" name=\"consent-1\" id=\"forminator-field-consent-1_69eb6f59376bb\" value=\"checked\" aria-labelledby=\"forminator-field-consent-1_69eb6f59376bb-label\" aria-describedby=\"forminator-field-consent-1_69eb6f59376bb__description\" data-required=\"true\" aria-required=\"true\" \/><span class=\"forminator-checkbox-box\" aria-hidden=\"true\"><\/span><\/label><div id=\"forminator-field-consent-1_69eb6f59376bb__description\" class=\"forminator-checkbox__label forminator-consent__label\"><p class=\"yiv0492385782MsoNormal\">Hiermit stimme ich zu, dass die angegebenen Daten zur weiteren Verarbeitung meiner Anfrage genutzt werden k\u00f6nnen. Dies kann ich jederzeit schriftlich widerrufen.<\/p><\/div><\/div><\/div><\/div><\/div><div class=\"forminator-row\" style=\"margin: 0;\"><div id=\"captcha-1\" class=\"forminator-field-captcha  forminator-col-12 \"><div class=\"forminator-captcha-left forminator-hcaptcha\" data-theme=\"light\"  data-sitekey=\"b4a81ca4-8af4-4ae8-a4e4-55465dc42b28\" data-size=\"invisible\"><\/div> <div class=\"forminator-checkbox__label\"><p>Diese Seite ist durch hCaptcha gesch\u00fctzt. Es gelten dessen <a href=\"https:\/\/hcaptcha.com\/privacy\">Datenschutzerkl\u00e4rung<\/a> und <a href=\"https:\/\/hcaptcha.com\/terms\">Dienstleistungsbedingungen<\/a>.<\/p>\n<p>&nbsp;<\/p><\/div><\/div><\/div><input type=\"hidden\" name=\"referer_url\" value=\"\" \/><div class=\"forminator-row forminator-row-last\"><div class=\"forminator-col\"><div class=\"forminator-field\"><button class=\"forminator-button forminator-button-submit\">Absenden<\/button><\/div><\/div><\/div><input type=\"hidden\" id=\"forminator_nonce\" name=\"forminator_nonce\" value=\"42af626452\" \/><input type=\"hidden\" name=\"_wp_http_referer\" value=\"\/index.php?rest_route=%2Fwp%2Fv2%2Fpages%2F58\" \/><input type=\"hidden\" name=\"form_id\" value=\"1576\"><input type=\"hidden\" name=\"page_id\" value=\"58\"><input type=\"hidden\" name=\"form_type\" value=\"default\"><input type=\"hidden\" name=\"current_url\" value=\"https:\/\/rfv-koenen.de\/?page_id=58\"><input type=\"hidden\" name=\"render_id\" value=\"0\"><input type=\"hidden\" name=\"action\" value=\"forminator_submit_form_custom-forms\"><label for=\"input_14\" class=\"forminator-hidden\" aria-hidden=\"true\">Bitte f\u00fclle dieses Feld nicht aus. <input id=\"input_14\" type=\"text\" name=\"input_14\" value=\"\" autocomplete=\"off\"><\/label><\/form>\n\n\n\n<div>&nbsp;<\/div>\n<div>\n<p><strong>Verb\u00e4nde<\/strong><\/p>\n<p>Bezirksverband der Pferdesportvereine<br>Moselland e.V.<br>Detlef Weyand<br>Neuwiese 19<br>54296 Trier<br>Telefon: 0651\/10608<br><a href=\"http:\/\/www.pferdesportverband-moselland.de\/\">www.pferdesportverband-moselland.de<\/a><\/p>\n<p>Pferde-Sport-Verband Rheinland-Nassau e.V.<br>Detlef Weyand<br>Neuwiese 19<br>54296 Trier<br><a href=\"http:\/\/www.pferdesportverband-rheinland-nassau.de\/\">www.pferdesportverband-rheinland-nassau.de<\/a><\/p>\n<p>Deutsche Reiterliche Vereinigung e.V.<br>Bundesverband f\u00fcr Pferdesport und Pferdezucht<br>F\u00e9d\u00e9ration Equestre Nationale (FN)<br>Freiherr von Langen-Stra\u00dfe 13<br>48231 Warendorf<br><a href=\"http:\/\/www.pferd-aktuell.de\/\">www.pferd-aktuell.de<\/a><\/p>\n<p>Landeskommission f\u00fcr Pferdeleistungspr\u00fcfungen<br>Rheinland-Pfalz<br>Burgenlandstr. 7<br>55543 Bad Kreuznach<br>Tel.&nbsp; +49 (0) 671 \/ 62810<br>Fax&nbsp; +49 (0) 671 \/ 68351<\/p>\n<\/div>\n\n\n\n<div>&nbsp;<\/div>\n\n\n\n<div>&nbsp;<\/div>\n\n\n\n<div><strong>Links<\/strong><\/div>\n\n\n\n<div>&nbsp;<\/div>\n\n\n\n<p style=\"letter-spacing:0px;line-height:0.9\"><a href=\"http:\/\/www.pferdesportverband-moselland.de\/\" target=\"_blank\" rel=\"noreferrer noopener\">http:\/\/www.pferdesportverband-moselland.de\/<\/a><\/p>\n\n\n\n<p style=\"letter-spacing:0px;line-height:0.9\"><a href=\"http:\/\/www.mvkoenen.de\/\" target=\"_blank\" rel=\"noreferrer noopener\">http:\/\/www.mvkoenen.de\/<\/a><\/p>\n\n\n\n<p style=\"letter-spacing:0px;line-height:0.9\"><a href=\"http:\/\/www.feuerwehr-koenen.de\" target=\"_blank\" rel=\"noreferrer noopener\">http:\/\/www.feuerwehr-koenen.de<\/a><\/p>\n\n\n\n<p style=\"letter-spacing:0px;line-height:0.9\"><a href=\"http:\/\/www.vdh-konz.de\/\" target=\"_blank\" rel=\"noreferrer noopener\">http:\/\/www.vdh-konz.de\/<\/a><\/p>\n\n\n\n<p style=\"letter-spacing:0px;line-height:0.9\"><a href=\"http:\/\/www.fckoenen.de\/\" target=\"_blank\" rel=\"noreferrer noopener\">http:\/\/www.fckoenen.de\/<\/a><\/p>\n\n\n\n<p style=\"letter-spacing:0px;line-height:0.9\"><a href=\"http:\/\/www.tanja-schneider.de\">http:\/\/www.tanja-schneider.de<\/a><\/p>\n\n\n\n<p><\/p>\n","protected":false},"excerpt":{"rendered":"<p>Kontakt AnschriftRFV St. Georg K\u00f6nen e. V.Reinigerstra\u00dfe 5754329 Konz-K\u00f6nen Gesch\u00e4ftsf\u00fchrerin und 2. Vorsitzende des VereinsKatrin Kellendonkkatrin.kellendonk@t-online.deTel. 0175 6046681 Ansprechpartnerin ReitstundenKim StegeTel. 0160 5533025 Ansprechpartner f\u00fcr StallangelegenheitenHans-Erwin M\u00fcllerTel. 0175 1534587 &nbsp; Verb\u00e4nde Bezirksverband der PferdesportvereineMoselland e.V.Detlef WeyandNeuwiese 1954296 TrierTelefon: 0651\/10608www.pferdesportverband-moselland.de Pferde-Sport-Verband Rheinland-Nassau e.V.Detlef WeyandNeuwiese 1954296 Trierwww.pferdesportverband-rheinland-nassau.de Deutsche Reiterliche Vereinigung e.V.Bundesverband f\u00fcr Pferdesport und PferdezuchtF\u00e9d\u00e9ration Equestre Nationale &hellip; <\/p>\n<p class=\"link-more\"><a href=\"https:\/\/rfv-koenen.de\/?page_id=58\" class=\"more-link\"><span class=\"screen-reader-text\">\u201eKontakt\u201c <\/span>weiterlesen<\/a><\/p>\n","protected":false},"author":1,"featured_media":0,"parent":0,"menu_order":0,"comment_status":"closed","ping_status":"closed","template":"","meta":{"footnotes":""},"class_list":["post-58","page","type-page","status-publish","hentry"],"_links":{"self":[{"href":"https:\/\/rfv-koenen.de\/index.php?rest_route=\/wp\/v2\/pages\/58","targetHints":{"allow":["GET"]}}],"collection":[{"href":"https:\/\/rfv-koenen.de\/index.php?rest_route=\/wp\/v2\/pages"}],"about":[{"href":"https:\/\/rfv-koenen.de\/index.php?rest_route=\/wp\/v2\/types\/page"}],"author":[{"embeddable":true,"href":"https:\/\/rfv-koenen.de\/index.php?rest_route=\/wp\/v2\/users\/1"}],"replies":[{"embeddable":true,"href":"https:\/\/rfv-koenen.de\/index.php?rest_route=%2Fwp%2Fv2%2Fcomments&post=58"}],"version-history":[{"count":47,"href":"https:\/\/rfv-koenen.de\/index.php?rest_route=\/wp\/v2\/pages\/58\/revisions"}],"predecessor-version":[{"id":1614,"href":"https:\/\/rfv-koenen.de\/index.php?rest_route=\/wp\/v2\/pages\/58\/revisions\/1614"}],"wp:attachment":[{"href":"https:\/\/rfv-koenen.de\/index.php?rest_route=%2Fwp%2Fv2%2Fmedia&parent=58"}],"curies":[{"name":"wp","href":"https:\/\/api.w.org\/{rel}","templated":true}]}}