{"id":60,"date":"2018-02-16T15:33:09","date_gmt":"2018-02-16T15:33:09","guid":{"rendered":"http:\/\/wordpresstest.rfv-koenen.com\/?page_id=60"},"modified":"2022-07-10T09:40:40","modified_gmt":"2022-07-10T09:40:40","slug":"impressum","status":"publish","type":"page","link":"https:\/\/rfv-koenen.de\/?page_id=60","title":{"rendered":"Impressum"},"content":{"rendered":"<div class=\"entry-content\">\n<h2>Impressum<\/h2>\n<p><img loading=\"lazy\" decoding=\"async\" class=\"alignnone size-medium wp-image-9\" src=\"http:\/\/wordpresstest.rfv-koenen.com\/wp-content\/uploads\/2018\/02\/cropped-DSC00908-300x180.jpg\" alt=\"\" width=\"300\" height=\"180\" srcset=\"https:\/\/rfv-koenen.de\/wp-content\/uploads\/2018\/02\/cropped-DSC00908-300x180.jpg 300w, https:\/\/rfv-koenen.de\/wp-content\/uploads\/2018\/02\/cropped-DSC00908-768x460.jpg 768w, https:\/\/rfv-koenen.de\/wp-content\/uploads\/2018\/02\/cropped-DSC00908-1024x614.jpg 1024w, https:\/\/rfv-koenen.de\/wp-content\/uploads\/2018\/02\/cropped-DSC00908.jpg 2000w\" sizes=\"auto, (max-width: 300px) 100vw, 300px\" \/><\/p>\n<p><strong><span class=\"style\">Anschrift:<\/span><\/strong>\u00a0 RFV St. Georg K\u00f6nen e. V.<span class=\"style_1\"><br \/><\/span>\u00a0 \u00a0 \u00a0 \u00a0 \u00a0 \u00a0 \u00a0 \u00a0 \u00a0 \u00a0 \u00a0 \u00a0 Reinigerstra\u00dfe 57<span class=\"style_1\"><br \/><\/span>\u00a0\u00a0\u00a0\u00a0\u00a0\u00a0\u00a0\u00a0\u00a0\u00a0\u00a0\u00a0\u00a0\u00a0\u00a0\u00a0 \u00a0 \u00a0 \u00a0\u00a0 54329 Konz-K\u00f6nen<\/p>\n<p><span class=\"style_2\">\u00a0 \u00a0 \u00a0 \u00a0 \u00a0 \u00a0 \u00a0 \u00a0 \u00a0 \u00a0 \u00a0 \u00a0 <\/span><a title=\"http:\/\/www.rfv-koenen.de\/\" href=\"http:\/\/www.rfv-koenen.de\/\">www.rfv-koenen.de<\/a><\/p>\n<\/div>\n<div class=\"entry-content\">\n<p class=\"paragraph_style_3\" style=\"text-align: left;\"><span class=\"style_2\"><strong><span class=\"style\">Katrin Kellendonk<\/span><\/strong><span class=\"style_1\"><br \/><\/span><span class=\"style\">Trainerin, Gesch\u00e4ftsf\u00fchrerin und 2. Vorsitzende des Vereins<\/span><span class=\"style_1\"><br \/><\/span>Tel. 0175 6046681\u00a0<span class=\"style_6\"><br \/><\/span>E-Mail:<\/span><span class=\"style_3\">\u00a0\u00a0 <\/span><a title=\"mailto:katrin.kellendonk@t-online.de?subject=Feedback: \" href=\"mailto:katrin.kellendonk@t-online.de?subject=Feedback:%20\">katrin.kellendonk@t-online.de<\/a><\/p>\n<p><strong><span class=\"style\">1. Vorsitzende: Dr. Andrea B\u00fcnger-Donnermeyer<\/span><\/strong><span class=\"style_1\"><br \/><\/span><span class=\"style\">Registergericht: <\/span>Amtsgericht Wittlich<span class=\"style_1\"><br \/><\/span>Registernummer: <span class=\"style_5\">VR1371<\/span> <span class=\"style_6\"><br \/><\/span>FN-Vereinsnummer:<span class=\"style_6\"><br \/><\/span>Umsatzsteuer-Nummer: 42-652-1229-6 <span class=\"style_6\"><br \/><\/span>(Umsatzsteuer-Identifikationsnummer gem\u00e4\u00df \u00a7 27a <span class=\"style_6\"><br \/><\/span>Umsatzsteuergesetz: wurde beantragt)<\/p>\n<\/div>\n<div class=\"entry-content\" style=\"text-align: left;\">\u00a0<\/div>\n<div><strong style=\"font-size: inherit;\">Inhaltlich verantwortlich<\/strong><\/div>\n<div>Reit- und Fahrverein St. Georg K\u00f6nen e.V.<\/div>\n<div>\u00a0<\/div>\n<div>\n<div id=\"id3\" class=\"style_SkipStroke_2 shape-with-text\">\n<div class=\"text-content graphic_textbox_layout_style_default_External_470_2941\">\n<div class=\"graphic_textbox_layout_style_default\">\n<p class=\"paragraph_style_1\"><strong>Haftungshinweis:<\/strong><span class=\"style\"><br \/><\/span><\/p>\n<p class=\"paragraph_style_3\">Nutzungsrecht an den Inhalten:<span class=\"style\"><br \/><\/span><\/p>\n<p class=\"paragraph_style_5\">Der Seiteninhaber beh\u00e4lt sich alle Rechte zum Inhalt und der Gestaltung vor.<span class=\"style_1\"><br \/><\/span><\/p>\n<p class=\"paragraph_style_5\">Die Webseiten, ihre Programmierung, Inhalte, Gestaltung und Struktur unterliegen urheber, marken- und wettbewerbsrechtlichen Schutzrechten. Urheberechts-hinweise und Markenbezeichnungen d\u00fcrfen weder ver\u00e4n-dert noch beseitigt werden. Eine Vervielf\u00e4ltigung, Verbrei-tung, Bereithaltung zum Abruf oder Onlinezug\u00e4nglich-machung (\u00dcbernahme in andere Webseite) unserer Webseiten, des Layouts der Webseiten, ihrer Inhalte (Texte, Bilder, Programme) ganz oder teilweise, in ver-\u00e4nderter oder unver\u00e4nderter Form ist nur nach vorheriger schriftlicher Zustimmung zul\u00e4ssig. Lediglich die nicht-kommerzielle private Nutzung ist in den Grenzen des Urheberrechtsgesetzes zul\u00e4ssig.<span class=\"style_1\"><br \/><\/span><\/p>\n<p class=\"paragraph_style_3\">Bezugsquelle\/ Zeitangaben \/ Zeitversatz:<span class=\"style\"><br \/><\/span><\/p>\n<p class=\"paragraph_style_5\">Die Informationen auf den Webseiten stammen teilweise von anderen Anbietern und k\u00f6nnen, wenn nicht direkt verlinkt, durch Zeitverz\u00f6gerungen vom Original ab-weichen<span class=\"style_1\"><br \/><\/span><\/p>\n<p class=\"paragraph_style_3\">Haftung f\u00fcr Inhalte \/ Informationen:<span class=\"style\"><br \/><\/span><\/p>\n<p class=\"paragraph_style_5\">Der Seiteninhaber sowie Dritte, von denen der Seiten-inhaber Informationen auf der Webseite bereitstellt, \u00fcber-nehmen trotz sorgf\u00e4ltiger Beschaffung und Bereitstellung keine Haftung f\u00fcr die Richtigkeit, Vollst\u00e4ndigkeit, Ver-z\u00f6gerung oder Genauigkeit sowie Verf\u00fcgbarkeit der im Rahmen dieses Informationsangebotes zum Abruf bereit-gehaltenen und angezeigten Informationen, allgemeinen Marktdaten und sonstigen zug\u00e4nglichen Inhalte. Der Sei-teninhaber hat nicht alle Informationen, auf die sich die Dokumente st\u00fctzen, selbst verifiziert. Der Seiteninhaber \u00fcbernimmt keine Haftung f\u00fcr Verluste, die durch die Verteilung\/ Verwendung dieser Dokumente\/Informationen verursacht oder mit der Verteilung\/Nutzung dieser Dokumente\/Informationen im Zusammenhang stehen.<span class=\"style_1\"><br \/><\/span><\/p>\n<p class=\"paragraph_style_3\">Beratung \/ Empfehlung:<span class=\"style\"><br \/><\/span><\/p>\n<p class=\"paragraph_style_5\">Die Ver\u00f6ffentlichung stellt keine Beratung dar und daher auch keine Empfehlung zum Kauf, Pacht bzw. zum Ver-kauf eines Produktes. Die hier bereitgestellten Dokumen-te\/Informationen sind ausschlie\u00dflich zur Information bestimmt und k\u00f6nnen ein individuelle Beratung nicht ersetzen. Eine Entscheidung bzgl. irgendwelcher Produk-te sollte auf Grundlage eines Beratungsgespr\u00e4ches erfol-gen und auf keinen Fall auf der Grundlage dieser Doku-mente\/Informationen. Die Dokumente\/Informationen k\u00f6n-nen durch aktuelle Entwicklungen \u00fcberholt sein, ohne dass die bereitgestellten Dokumente\/Informationen ge\u00e4n-dert wurden. Die Einstellung dieser Dokumente\/Informa-tionen ins Internet stellt kein Angebot zum Erwerb dar.<span class=\"style_1\"><br \/><\/span><\/p>\n<p class=\"paragraph_style_3\">Datenschutz:<span class=\"style\"><br \/><\/span><\/p>\n<p class=\"paragraph_style_5\">Sofern Sie uns pers\u00f6nliche Daten mitteilen, werden wir diese mit \u00fcblicher Sorgfalt und entsprechend der datenschutzrechtlichen Bestimmungen behandeln. Daten, die Sie im Rahmen von Nachrichten an uns senden, werden unter Umst\u00e4nden \u00fcber eine nicht gesicherte Umgebung an uns weitergeleitet. Eine Nutzung zu einem andern Zweck oder eine Datenweitergabe an Dritte findet nicht statt. Bitte beachten Sie, dass wir Ihnen derzeit aus technischen Gr\u00fcnden noch keine gesicherte (verschl\u00fcsselte) \u00dcbertragung Ihrer Nachricht anbieten k\u00f6nnen. Bei vertraulichen Nachrichten an uns verwenden Sie zu Ihrer Sicherheit bitte den Postweg.<span class=\"style_1\"><br \/><\/span><\/p>\n<p class=\"paragraph_style_3\">Links:<span class=\"style\"><br \/><\/span><\/p>\n<p class=\"paragraph_style_5\">Mit Urteil vom 12. Mai 1998 hat das Landgericht Hamburg entschieden, da\u00df man durch die Aufbringung eines Links die Inhalte der gelinkten Seite ggf. mit zu verantworten hat. Dies kann &#8211; so das LG &#8211; nur dadurch verhindert werden, da\u00df man sich ausdr\u00fccklich von diesen Inhalten distanziert. <span class=\"style_1\"><br \/><\/span><\/p>\n<p class=\"paragraph_style_3\">Daher gilt f\u00fcr alle Links auf dieser Website: <span class=\"style\"><br \/><\/span><\/p>\n<p class=\"paragraph_style_3\">Da wir weder Einflu\u00df auf die Gestaltung noch auf den Inhalt der gelinkten Seiten habe, distanzieren wir uns von den Inhalten aller auf den Seiten der Domain rfv-koenen.de vorhandenen Links (einschlie\u00dflich Ban-ner).<span class=\"style\"><br \/><\/span><\/p>\n<p class=\"paragraph_style_5\">Links auf Unterseiten und Unterverzeichnisse (Deep Links, ImgLinks) sind nur nach vorheriger schriftlicher Zustimmung des Seiteninhabers zul\u00e4ssig. Den Inhalt fremder Webseiten, auf die aus den Webseiten des Seiteninhabers heraus verwiesen wird, macht sich der Seiteninhaber nicht zu eigen. Der Seiteninhaber kann keine Verantwortung f\u00fcr den Inhalt der verlinkten Seiten \u00fcbernehmen, insbesondere nicht f\u00fcr \u00c4nderungen der Seiten, die nach dem Setzen des Links erfolgt sind.<span class=\"style_1\"><br \/><\/span><\/p>\n<p class=\"paragraph_style_3\">Frames:<span class=\"style\"><br \/><\/span><\/p>\n<p class=\"paragraph_style_5\">Die Einbindung von Webseiten aus diesem Auftritt oder verlinkten Seiten des Seiteninhabers in eine Rahmen-struktur (Frames) ist nur nach vorheriger schriftlicher Zustimmung des Seiteninhabers zul\u00e4ssig.<span class=\"style_1\"><br \/><\/span><\/p>\n<p class=\"paragraph_style_3\">Markenzeichen:<span class=\"style\"><br \/><\/span><\/p>\n<p class=\"paragraph_style_5\">Alle hier erw\u00e4hnten Produktbezeichnungen dienen lediglich Identifikationszwecken und k\u00f6nnen Marken bzw. eingetragene Marken der jeweiligen Unternehmen sein.<span class=\"style_1\"><br \/><\/span><\/p>\n<p class=\"paragraph_style_3\">Rechtswahl und Gerichtsstand:<span class=\"style\"><br \/><\/span><\/p>\n<p class=\"paragraph_style_5\">Das Nutzungsverh\u00e4ltnis der Webseiten des Seitenin-habers unterliegt deutschem Recht.<span class=\"style_1\"><br \/><\/span><\/p>\n<p class=\"paragraph_style_3\">Hinweise zur E-Mail Kommunikation:<span class=\"style\"><br \/><\/span><\/p>\n<p class=\"paragraph_style_5\">Die Kommunikation per E-Mail hat sich als schnelle, bequeme und kosteng\u00fcnstige Kommunikationsart in den letzten Jahren als Massenmedium eingeb\u00fcrgert. System-technisch bedingt hat diese Kommunikationsform aber auch Nachteile. So besteht grunds\u00e4tzlich die M\u00f6glichkeit, dass \u00fcber das offene Computernetzwerk Internet versandte E-Mail Nachrichten von unbefugten Personen zur Kenntnis genommen (fehlende Vertraulichkeit) und gar ver\u00e4ndert werden (fehlende Integrit\u00e4t) k\u00f6nnen. Auch l\u00e4sst sich der Absender einer E-Mail ver\u00e4ndern (fehlende Authentizit\u00e4t). Beachten Sie bitte bei E-Mail Sendungen an den Seiteninhaber, dass dieses Kommunikations-medium nicht die Vertraulichkeit und Sicherheit der Brief-kommunikation aufweist, sondern sich in dieser Hinsicht mit einer Postkarte vergleichen l\u00e4sst. Pr\u00fcfen Sie deshalb kritisch, welche Informationen Sie uns per E-Mail \u00fcber-mitteln. Da sich derzeit noch kein Signatur und Ver-schl\u00fcsselungsverfahren allgemein als Standard durch-gesetzt hat, welches den Anforderungen des Seitenin-habers an die Sicherheit und Vertraulichkeit erf\u00fcllt, k\u00f6nnen wir Ihnen noch kein derartiges Verfahren zur Ab-sicherung der E-Mail Kommunikation anbieten. Aufgrund der M\u00f6glichkeit der F\u00e4lschung des Absenders einer E-Mail Nachricht sowie der Ver\u00e4nderung des Inhaltes der E-Mail Nachrichten behalten wir uns vor, zu Ihrer und zu unserer Sicherheit eine R\u00fcckbest\u00e4tigung zu erbitten, bevor wir den Inhalt der Nachricht als f\u00fcr uns verbindlich akzeptieren. Ihre E-Mail Nachricht und Daten werden \u00fcber eine ungesicherte Umgebung an uns weitergeleitet. Es erfolgt keine Nutzung Ihrer Daten zu einem anderen Zweck und keine Datenweitergabe an Dritte.<span class=\"style_1\"><br \/><\/span><\/p>\n<p class=\"paragraph_style_3\">Sonstiger Inhalt: <span class=\"style\"><br \/><\/span><\/p>\n<p class=\"paragraph_style_3\">Alle Angaben auf dieser Homepage wurden nach bestem Wissen und Gewissen gemacht und sind ohne Gew\u00e4hr. Der Reit- und Fahrverein St. Georg K\u00f6nen e. V. haftet nicht f\u00fcr Folgen unrichtiger oder unvollst\u00e4ndiger Informationen auf seiner Homepage.<\/p>\n<\/div>\n<\/div>\n<\/div>\n<\/div>\n\n\n<p><\/p>\n","protected":false},"excerpt":{"rendered":"<p>Impressum Anschrift:\u00a0 RFV St. Georg K\u00f6nen e. V.\u00a0 \u00a0 \u00a0 \u00a0 \u00a0 \u00a0 \u00a0 \u00a0 \u00a0 \u00a0 \u00a0 \u00a0 Reinigerstra\u00dfe 57\u00a0\u00a0\u00a0\u00a0\u00a0\u00a0\u00a0\u00a0\u00a0\u00a0\u00a0\u00a0\u00a0\u00a0\u00a0\u00a0 \u00a0 \u00a0 \u00a0\u00a0 54329 Konz-K\u00f6nen \u00a0 \u00a0 \u00a0 \u00a0 \u00a0 \u00a0 \u00a0 \u00a0 \u00a0 \u00a0 \u00a0 \u00a0 www.rfv-koenen.de Katrin KellendonkTrainerin, Gesch\u00e4ftsf\u00fchrerin und 2. Vorsitzende des VereinsTel. 0175 6046681\u00a0E-Mail:\u00a0\u00a0 katrin.kellendonk@t-online.de 1. Vorsitzende: Dr. Andrea B\u00fcnger-DonnermeyerRegistergericht: &hellip; <\/p>\n<p class=\"link-more\"><a href=\"https:\/\/rfv-koenen.de\/?page_id=60\" class=\"more-link\"><span class=\"screen-reader-text\">\u201eImpressum\u201c <\/span>weiterlesen<\/a><\/p>\n","protected":false},"author":1,"featured_media":0,"parent":0,"menu_order":0,"comment_status":"closed","ping_status":"closed","template":"","meta":{"footnotes":""},"class_list":["post-60","page","type-page","status-publish","hentry"],"_links":{"self":[{"href":"https:\/\/rfv-koenen.de\/index.php?rest_route=\/wp\/v2\/pages\/60","targetHints":{"allow":["GET"]}}],"collection":[{"href":"https:\/\/rfv-koenen.de\/index.php?rest_route=\/wp\/v2\/pages"}],"about":[{"href":"https:\/\/rfv-koenen.de\/index.php?rest_route=\/wp\/v2\/types\/page"}],"author":[{"embeddable":true,"href":"https:\/\/rfv-koenen.de\/index.php?rest_route=\/wp\/v2\/users\/1"}],"replies":[{"embeddable":true,"href":"https:\/\/rfv-koenen.de\/index.php?rest_route=%2Fwp%2Fv2%2Fcomments&post=60"}],"version-history":[{"count":16,"href":"https:\/\/rfv-koenen.de\/index.php?rest_route=\/wp\/v2\/pages\/60\/revisions"}],"predecessor-version":[{"id":839,"href":"https:\/\/rfv-koenen.de\/index.php?rest_route=\/wp\/v2\/pages\/60\/revisions\/839"}],"wp:attachment":[{"href":"https:\/\/rfv-koenen.de\/index.php?rest_route=%2Fwp%2Fv2%2Fmedia&parent=60"}],"curies":[{"name":"wp","href":"https:\/\/api.w.org\/{rel}","templated":true}]}}