{"id":646,"date":"2020-01-09T16:29:19","date_gmt":"2020-01-09T16:29:19","guid":{"rendered":"http:\/\/rfv-koenen.de\/?page_id=646"},"modified":"2026-04-16T17:02:34","modified_gmt":"2026-04-16T15:02:34","slug":"unsere-shetties","status":"publish","type":"page","link":"https:\/\/rfv-koenen.de\/?page_id=646","title":{"rendered":"Unsere Shetties"},"content":{"rendered":"<h2 style=\"text-align: left;\"><strong>Unsere Shetty-Gruppe <img loading=\"lazy\" decoding=\"async\" class=\"alignright size-medium wp-image-819\" src=\"https:\/\/rfv-koenen.de\/wp-content\/uploads\/2022\/02\/FelicityNamika-Print-300x200.jpg\" alt=\"\" width=\"300\" height=\"200\" srcset=\"https:\/\/rfv-koenen.de\/wp-content\/uploads\/2022\/02\/FelicityNamika-Print-300x200.jpg 300w, https:\/\/rfv-koenen.de\/wp-content\/uploads\/2022\/02\/FelicityNamika-Print-1024x683.jpg 1024w, https:\/\/rfv-koenen.de\/wp-content\/uploads\/2022\/02\/FelicityNamika-Print-768x512.jpg 768w, https:\/\/rfv-koenen.de\/wp-content\/uploads\/2022\/02\/FelicityNamika-Print-1536x1024.jpg 1536w, https:\/\/rfv-koenen.de\/wp-content\/uploads\/2022\/02\/FelicityNamika-Print-2048x1365.jpg 2048w\" sizes=\"auto, (max-width: 300px) 100vw, 300px\" \/><\/strong><\/h2>\n<div class=\"entry-content\">\n<p><strong>Die Idee<\/strong><\/p>\n<p>Die Kinder sollen, neben dem Gef\u00fchl f\u00fcr die Bewegung auf dem Pferd, viel \u00fcber den richtigen Umgang mit dem Pony lernen:<\/p>\n<ul>\n<li>Wie n\u00e4here ich mich einem Pferd richtig?<\/li>\n<li>Wie lege ich ein Halfter an?<\/li>\n<li>Wie wird ein Pferd ordentlich geputzt?<\/li>\n<li>Woran merke ich, ob meinem Pony gef\u00e4llt, was ich grade mache?<\/li>\n<li>Wie \u00fcberrede ich mein Pony mit mir zu gehen?<\/li>\n<li>Wie f\u00fchlt sich eigentlich so ein Ponyr\u00fccken ohne dickes Pad und Gurt an?<\/li>\n<li>Was gibt es f\u00fcr Fellfarben, was fressen Pferde, warum rennen Pferde weg?<\/li>\n<\/ul>\n<p>So soll mit viel Abwechslung von verschiedensten \u00dcbungen rund ums Pony und mit den Ponys der Spa\u00df und die Freude an der Gemeinschaft mit dem Tier an erster Stelle stehen.<\/p>\n<p><strong><span style=\"font-size: Revert;\">Infos bei Kim Stege, Tel. 0177 4138899 (bitte nur Textnachrichten, keine Anrufe)<\/span><\/strong><\/p>\n<p>**************<\/p>\n<p><strong>Der Ablauf<\/strong><\/p>\n<ul>\n<li>Es finden an mehreren Tagen in der Woche Shetty-Gruppen statt:<br \/>Montags, Mittwochs, Donnerstags und Freitags\u00a0<\/li>\n<li>Es sind 6 Kinder in einer Gruppe mit 2 Ponys<\/li>\n<li>Jedes Kind bekommt einen festen Platz in einem Halbjahresblock, damit die Kinder sich auch kennen lernen und nicht dauernd jemand neues dabei ist<\/li>\n<li>Die Kurse dauern je 60 Minuten<\/li>\n<li>Bezahlt wird im Halbjahresblock, Vereinsmitgliedschaft ist Pflicht<\/li>\n<li>Kosten: es wird bei jedem Block geguckt, wie oft er in einem Halbjahr stattfindet und dann als Block 15\u20ac pro Tag bezahlt.<\/li>\n<\/ul>\n<p>Seit Januar 2020 findet auch eine <strong>Shetty-Gruppe-Fortgeschrittene<\/strong> statt.<br \/>Voraussetzung: vorherige Teilnahme an 2 Bl\u00f6cken Shetty-Gruppe\u00a0<span style=\"font-size: Revert;\">bzw. 3 Bl\u00f6cken 14t\u00e4gige\u00a0<\/span><span style=\"font-size: Revert;\">Shettygruppe<\/span><\/p>\n<p>Inhalte:<\/p>\n<ul>\n<li>alles aus Teil 1<\/li>\n<li>anspruchsvollere F\u00fchraufgaben\/-parcours<\/li>\n<li>gef\u00fchrtes Reiten auch im Trab<\/li>\n<li>mehr Theorie rund ums Pferd<\/li>\n<li>ab und zu Longe auf gr\u00f6\u00dferen Pferden\/ponys<\/li>\n<\/ul>\n<p><img loading=\"lazy\" decoding=\"async\" class=\"size-medium wp-image-818 alignleft\" src=\"https:\/\/rfv-koenen.de\/wp-content\/uploads\/2022\/02\/Nala-2-Print-300x200.jpg\" alt=\"\" width=\"300\" height=\"200\" srcset=\"https:\/\/rfv-koenen.de\/wp-content\/uploads\/2022\/02\/Nala-2-Print-300x200.jpg 300w, https:\/\/rfv-koenen.de\/wp-content\/uploads\/2022\/02\/Nala-2-Print-1024x683.jpg 1024w, https:\/\/rfv-koenen.de\/wp-content\/uploads\/2022\/02\/Nala-2-Print-768x512.jpg 768w, https:\/\/rfv-koenen.de\/wp-content\/uploads\/2022\/02\/Nala-2-Print-1536x1024.jpg 1536w, https:\/\/rfv-koenen.de\/wp-content\/uploads\/2022\/02\/Nala-2-Print-2048x1365.jpg 2048w\" sizes=\"auto, (max-width: 300px) 100vw, 300px\" \/> <img loading=\"lazy\" decoding=\"async\" class=\"size-medium wp-image-817 alignright\" src=\"https:\/\/rfv-koenen.de\/wp-content\/uploads\/2022\/02\/Donja-2-Print-300x200.jpg\" alt=\"\" width=\"300\" height=\"200\" srcset=\"https:\/\/rfv-koenen.de\/wp-content\/uploads\/2022\/02\/Donja-2-Print-300x200.jpg 300w, https:\/\/rfv-koenen.de\/wp-content\/uploads\/2022\/02\/Donja-2-Print-1024x683.jpg 1024w, https:\/\/rfv-koenen.de\/wp-content\/uploads\/2022\/02\/Donja-2-Print-768x512.jpg 768w, https:\/\/rfv-koenen.de\/wp-content\/uploads\/2022\/02\/Donja-2-Print-1536x1024.jpg 1536w, https:\/\/rfv-koenen.de\/wp-content\/uploads\/2022\/02\/Donja-2-Print-2048x1365.jpg 2048w\" sizes=\"auto, (max-width: 300px) 100vw, 300px\" \/><\/p>\n<\/div>\n\n\n\n\n\n\n\n\n\n\n\n\n\n\n<p><\/p>\n","protected":false},"excerpt":{"rendered":"<p>Unsere Shetty-Gruppe Die Idee Die Kinder sollen, neben dem Gef\u00fchl f\u00fcr die Bewegung auf dem Pferd, viel \u00fcber den richtigen Umgang mit dem Pony lernen: Wie n\u00e4here ich mich einem Pferd richtig? Wie lege ich ein Halfter an? Wie wird ein Pferd ordentlich geputzt? Woran merke ich, ob meinem Pony gef\u00e4llt, was ich grade mache? &hellip; <\/p>\n<p class=\"link-more\"><a href=\"https:\/\/rfv-koenen.de\/?page_id=646\" class=\"more-link\"><span class=\"screen-reader-text\">\u201eUnsere Shetties\u201c <\/span>weiterlesen<\/a><\/p>\n","protected":false},"author":1,"featured_media":0,"parent":0,"menu_order":0,"comment_status":"closed","ping_status":"closed","template":"","meta":{"footnotes":""},"class_list":["post-646","page","type-page","status-publish","hentry"],"_links":{"self":[{"href":"https:\/\/rfv-koenen.de\/index.php?rest_route=\/wp\/v2\/pages\/646","targetHints":{"allow":["GET"]}}],"collection":[{"href":"https:\/\/rfv-koenen.de\/index.php?rest_route=\/wp\/v2\/pages"}],"about":[{"href":"https:\/\/rfv-koenen.de\/index.php?rest_route=\/wp\/v2\/types\/page"}],"author":[{"embeddable":true,"href":"https:\/\/rfv-koenen.de\/index.php?rest_route=\/wp\/v2\/users\/1"}],"replies":[{"embeddable":true,"href":"https:\/\/rfv-koenen.de\/index.php?rest_route=%2Fwp%2Fv2%2Fcomments&post=646"}],"version-history":[{"count":17,"href":"https:\/\/rfv-koenen.de\/index.php?rest_route=\/wp\/v2\/pages\/646\/revisions"}],"predecessor-version":[{"id":1625,"href":"https:\/\/rfv-koenen.de\/index.php?rest_route=\/wp\/v2\/pages\/646\/revisions\/1625"}],"wp:attachment":[{"href":"https:\/\/rfv-koenen.de\/index.php?rest_route=%2Fwp%2Fv2%2Fmedia&parent=646"}],"curies":[{"name":"wp","href":"https:\/\/api.w.org\/{rel}","templated":true}]}}